{"id":9464,"date":"2023-07-11T10:04:41","date_gmt":"2023-07-11T08:04:41","guid":{"rendered":"https:\/\/www.unionjumelages.com\/?page_id=9464"},"modified":"2024-09-30T16:56:27","modified_gmt":"2024-09-30T14:56:27","slug":"emplois-d-ete","status":"publish","type":"page","link":"https:\/\/www.unionjumelages.com\/index.php\/emplois-d-ete\/","title":{"rendered":"Emplois d&#8217;\u00e9t\u00e9 en Allemagne"},"content":{"rendered":"\t\t<div data-elementor-type=\"wp-page\" data-elementor-id=\"9464\" class=\"elementor elementor-9464\" data-elementor-settings=\"[]\">\n\t\t\t\t\t\t\t<div class=\"elementor-section-wrap\">\n\t\t\t\t\t\t\t<section class=\"elementor-section elementor-top-section elementor-element elementor-element-0fcf591 elementor-section-boxed elementor-section-height-default elementor-section-height-default\" data-id=\"0fcf591\" data-element_type=\"section\">\n\t\t\t\t\t\t<div class=\"elementor-container elementor-column-gap-default\">\n\t\t\t\t\t<div class=\"elementor-column elementor-col-50 elementor-top-column elementor-element elementor-element-a802f7e\" data-id=\"a802f7e\" data-element_type=\"column\">\n\t\t\t<div class=\"elementor-widget-wrap elementor-element-populated\">\n\t\t\t\t\t\t\t\t<div class=\"elementor-element elementor-element-89d94b6 elementor-widget elementor-widget-image\" data-id=\"89d94b6\" data-element_type=\"widget\" data-widget_type=\"image.default\">\n\t\t\t\t<div class=\"elementor-widget-container\">\n\t\t\t\t\t\t\t\t\t\t\t\t\t\t\t<img loading=\"lazy\" decoding=\"async\" width=\"113\" height=\"95\" src=\"https:\/\/www.unionjumelages.com\/wp-content\/uploads\/2021\/03\/cropped-union-jumelages.jpg\" class=\"attachment-large size-large\" alt=\"\" \/>\t\t\t\t\t\t\t\t\t\t\t\t\t\t\t<\/div>\n\t\t\t\t<\/div>\n\t\t\t\t\t<\/div>\n\t\t<\/div>\n\t\t\t\t<div class=\"elementor-column elementor-col-50 elementor-top-column elementor-element elementor-element-457ff94\" data-id=\"457ff94\" data-element_type=\"column\">\n\t\t\t<div class=\"elementor-widget-wrap elementor-element-populated\">\n\t\t\t\t\t\t\t\t<div class=\"elementor-element elementor-element-cc2d56a elementor-widget elementor-widget-image\" data-id=\"cc2d56a\" data-element_type=\"widget\" data-widget_type=\"image.default\">\n\t\t\t\t<div class=\"elementor-widget-container\">\n\t\t\t\t\t\t\t\t\t\t\t\t\t\t\t<img decoding=\"async\" src=\"https:\/\/www.unionjumelages.com\/wp-content\/uploads\/elementor\/thumbs\/IMG_20240412_093100-qmlfwesz0vjueyhv46i12w5yxr17cddkkvsi09xp3g.jpg\" title=\"IMG_20240412_093100\" alt=\"IMG_20240412_093100\" \/>\t\t\t\t\t\t\t\t\t\t\t\t\t\t\t<\/div>\n\t\t\t\t<\/div>\n\t\t\t\t\t<\/div>\n\t\t<\/div>\n\t\t\t\t\t\t\t<\/div>\n\t\t<\/section>\n\t\t\t\t<section class=\"elementor-section elementor-top-section elementor-element elementor-element-609d580 elementor-section-boxed elementor-section-height-default elementor-section-height-default\" data-id=\"609d580\" data-element_type=\"section\" data-settings=\"{&quot;background_background&quot;:&quot;classic&quot;}\">\n\t\t\t\t\t\t<div class=\"elementor-container elementor-column-gap-default\">\n\t\t\t\t\t<div class=\"elementor-column elementor-col-100 elementor-top-column elementor-element elementor-element-cac9af0\" data-id=\"cac9af0\" data-element_type=\"column\">\n\t\t\t<div class=\"elementor-widget-wrap elementor-element-populated\">\n\t\t\t\t\t\t\t\t<div class=\"elementor-element elementor-element-70922ef elementor-widget elementor-widget-heading\" data-id=\"70922ef\" data-element_type=\"widget\" data-widget_type=\"heading.default\">\n\t\t\t\t<div class=\"elementor-widget-container\">\n\t\t\t<h2 class=\"elementor-heading-title elementor-size-default\">Emplois d'\u00e9t\u00e9 - Travail saisonnier en Allemagne<\/h2>\t\t<\/div>\n\t\t\t\t<\/div>\n\t\t\t\t<div class=\"elementor-element elementor-element-3f6e998 elementor-widget elementor-widget-spacer\" data-id=\"3f6e998\" data-element_type=\"widget\" data-widget_type=\"spacer.default\">\n\t\t\t\t<div class=\"elementor-widget-container\">\n\t\t\t\t\t<div class=\"elementor-spacer\">\n\t\t\t<div class=\"elementor-spacer-inner\"><\/div>\n\t\t<\/div>\n\t\t\t\t<\/div>\n\t\t\t\t<\/div>\n\t\t\t\t<div class=\"elementor-element elementor-element-da0b789 elementor-widget elementor-widget-text-editor\" data-id=\"da0b789\" data-element_type=\"widget\" data-widget_type=\"text-editor.default\">\n\t\t\t\t<div class=\"elementor-widget-container\">\n\t\t\t\t\t\t\t<p>Vos enfants \u00e9tudiants souhaitent se perfectionner en allemand tout en \u00e9tant r\u00e9mun\u00e9r\u00e9s ?\u00a0 Eurojumelages et l&#8217;UNJPT proposent pour l&#8217;\u00e9t\u00e9 des emplois d&#8217;\u00e9t\u00e9 en Allemagne.<\/p><p>D\u00e9couvrez nos propositions ci-dessous:<\/p>\t\t\t\t\t\t<\/div>\n\t\t\t\t<\/div>\n\t\t\t\t<div class=\"elementor-element elementor-element-f175a39 elementor-widget elementor-widget-heading\" data-id=\"f175a39\" data-element_type=\"widget\" data-widget_type=\"heading.default\">\n\t\t\t\t<div class=\"elementor-widget-container\">\n\t\t\t<h2 class=\"elementor-heading-title elementor-size-default\">Nos offres d'emploi<\/h2>\t\t<\/div>\n\t\t\t\t<\/div>\n\t\t\t\t<div class=\"elementor-element elementor-element-80f2321 elementor-widget elementor-widget-spacer\" data-id=\"80f2321\" data-element_type=\"widget\" data-widget_type=\"spacer.default\">\n\t\t\t\t<div class=\"elementor-widget-container\">\n\t\t\t\t\t<div class=\"elementor-spacer\">\n\t\t\t<div class=\"elementor-spacer-inner\"><\/div>\n\t\t<\/div>\n\t\t\t\t<\/div>\n\t\t\t\t<\/div>\n\t\t\t\t\t<\/div>\n\t\t<\/div>\n\t\t\t\t\t\t\t<\/div>\n\t\t<\/section>\n\t\t\t\t<section class=\"elementor-section elementor-top-section elementor-element elementor-element-da9f87f elementor-section-boxed elementor-section-height-default elementor-section-height-default\" data-id=\"da9f87f\" data-element_type=\"section\">\n\t\t\t\t\t\t<div class=\"elementor-container elementor-column-gap-default\">\n\t\t\t\t\t<div class=\"elementor-column elementor-col-100 elementor-top-column elementor-element elementor-element-dc3485a\" data-id=\"dc3485a\" data-element_type=\"column\">\n\t\t\t<div class=\"elementor-widget-wrap elementor-element-populated\">\n\t\t\t\t\t\t\t\t<div class=\"elementor-element elementor-element-074651d elementor-grid-2 elementor-grid-tablet-2 elementor-grid-mobile-1 elementor-posts--thumbnail-top elementor-widget elementor-widget-posts\" data-id=\"074651d\" data-element_type=\"widget\" data-settings=\"{&quot;classic_columns&quot;:&quot;2&quot;,&quot;classic_masonry&quot;:&quot;yes&quot;,&quot;classic_columns_tablet&quot;:&quot;2&quot;,&quot;classic_columns_mobile&quot;:&quot;1&quot;,&quot;classic_row_gap&quot;:{&quot;unit&quot;:&quot;px&quot;,&quot;size&quot;:35,&quot;sizes&quot;:[]}}\" data-widget_type=\"posts.classic\">\n\t\t\t\t<div class=\"elementor-widget-container\">\n\t\t\t\t\t<div class=\"elementor-posts-container elementor-posts elementor-posts--skin-classic elementor-grid\">\n\t\t\t\t<article class=\"elementor-post elementor-grid-item post-8187 post type-post status-publish format-standard has-post-thumbnail hentry category-offres-demplois\">\n\t\t\t\t<a class=\"elementor-post__thumbnail__link\" href=\"https:\/\/www.unionjumelages.com\/index.php\/2022\/11\/28\/manutentionnaire-en-allemagne-ete-2026\/\" target=\"_blank\">\n\t\t\t<div class=\"elementor-post__thumbnail\"><img loading=\"lazy\" decoding=\"async\" width=\"300\" height=\"199\" src=\"https:\/\/www.unionjumelages.com\/wp-content\/uploads\/2022\/11\/Bonn-Hofgarten-002-300x199.jpg\" class=\"attachment-medium size-medium\" alt=\"\" srcset=\"https:\/\/www.unionjumelages.com\/wp-content\/uploads\/2022\/11\/Bonn-Hofgarten-002-300x199.jpg 300w, https:\/\/www.unionjumelages.com\/wp-content\/uploads\/2022\/11\/Bonn-Hofgarten-002-1024x680.jpg 1024w, https:\/\/www.unionjumelages.com\/wp-content\/uploads\/2022\/11\/Bonn-Hofgarten-002-768x510.jpg 768w, https:\/\/www.unionjumelages.com\/wp-content\/uploads\/2022\/11\/Bonn-Hofgarten-002-1536x1020.jpg 1536w, https:\/\/www.unionjumelages.com\/wp-content\/uploads\/2022\/11\/Bonn-Hofgarten-002-2048x1360.jpg 2048w\" sizes=\"(max-width: 300px) 100vw, 300px\" \/><\/div>\n\t\t<\/a>\n\t\t\t\t<div class=\"elementor-post__text\">\n\t\t\t\t<h3 class=\"elementor-post__title\">\n\t\t\t<a href=\"https:\/\/www.unionjumelages.com\/index.php\/2022\/11\/28\/manutentionnaire-en-allemagne-ete-2026\/\" target=\"_blank\">\n\t\t\t\tEMPLOI : Manutentionnaire Magasin Bio Bonn \u00e9t\u00e9 2026\t\t\t<\/a>\n\t\t<\/h3>\n\t\t\t\t<div class=\"elementor-post__excerpt\">\n\t\t\t<p>Recherche Manutentionnaire \u00e0 Bonn \u00e9t\u00e9 2026<\/p>\n\t\t<\/div>\n\t\t\t\t\t<a class=\"elementor-post__read-more\" href=\"https:\/\/www.unionjumelages.com\/index.php\/2022\/11\/28\/manutentionnaire-en-allemagne-ete-2026\/\" target=\"_blank\">\n\t\t\t\tLire la suite\t\t\t<\/a>\n\t\t\t\t<\/div>\n\t\t\t\t<\/article>\n\t\t\t\t<\/div>\n\t\t\t\t<\/div>\n\t\t\t\t<\/div>\n\t\t\t\t\t<\/div>\n\t\t<\/div>\n\t\t\t\t\t\t\t<\/div>\n\t\t<\/section>\n\t\t\t\t\t\t<\/div>\n\t\t\t\t\t<\/div>\n\t\t","protected":false},"excerpt":{"rendered":"<p>Emplois d&#8217;\u00e9t\u00e9 &#8211; Travail saisonnier en Allemagne Vos enfants \u00e9tudiants souhaitent se perfectionner en allemand tout en \u00e9tant r\u00e9mun\u00e9r\u00e9s ?\u00a0 Eurojumelages et l&#8217;UNJPT proposent pour l&#8217;\u00e9t\u00e9 des emplois d&#8217;\u00e9t\u00e9 en Allemagne. D\u00e9couvrez nos propositions ci-dessous: Nos offres d&#8217;emploi<\/p>\n","protected":false},"author":1,"featured_media":0,"parent":0,"menu_order":0,"comment_status":"closed","ping_status":"closed","template":"elementor_header_footer","meta":{"footnotes":""},"class_list":["post-9464","page","type-page","status-publish","hentry"],"yoast_head":"<!-- This site is optimized with the Yoast SEO plugin v25.3.1 - https:\/\/yoast.com\/wordpress\/plugins\/seo\/ -->\n<title>Emplois d&#039;\u00e9t\u00e9 en Allemagne - Union Jumelages<\/title>\n<meta name=\"robots\" content=\"index, follow, max-snippet:-1, max-image-preview:large, max-video-preview:-1\" \/>\n<link rel=\"canonical\" href=\"https:\/\/www.unionjumelages.com\/index.php\/emplois-d-ete\/\" \/>\n<meta property=\"og:locale\" content=\"en_US\" \/>\n<meta property=\"og:type\" content=\"article\" \/>\n<meta property=\"og:title\" content=\"Emplois d&#039;\u00e9t\u00e9 en Allemagne - Union Jumelages\" \/>\n<meta property=\"og:description\" content=\"Emplois d&#8217;\u00e9t\u00e9 &#8211; Travail saisonnier en Allemagne Vos enfants \u00e9tudiants souhaitent se perfectionner en allemand tout en \u00e9tant r\u00e9mun\u00e9r\u00e9s ?\u00a0 Eurojumelages et l&#8217;UNJPT proposent pour l&#8217;\u00e9t\u00e9 des emplois d&#8217;\u00e9t\u00e9 en Allemagne. D\u00e9couvrez nos propositions ci-dessous: Nos offres d&#8217;emploi\" \/>\n<meta property=\"og:url\" content=\"https:\/\/www.unionjumelages.com\/index.php\/emplois-d-ete\/\" \/>\n<meta property=\"og:site_name\" content=\"Union Jumelages\" \/>\n<meta property=\"article:modified_time\" content=\"2024-09-30T14:56:27+00:00\" \/>\n<meta property=\"og:image\" content=\"https:\/\/www.unionjumelages.com\/wp-content\/uploads\/2021\/03\/cropped-union-jumelages.jpg\" \/>\n<meta name=\"twitter:card\" content=\"summary_large_image\" \/>\n<meta name=\"twitter:label1\" content=\"Est. reading time\" \/>\n\t<meta name=\"twitter:data1\" content=\"2 minutes\" \/>\n<script type=\"application\/ld+json\" class=\"yoast-schema-graph\">{\"@context\":\"https:\/\/schema.org\",\"@graph\":[{\"@type\":\"WebPage\",\"@id\":\"https:\/\/www.unionjumelages.com\/index.php\/emplois-d-ete\/\",\"url\":\"https:\/\/www.unionjumelages.com\/index.php\/emplois-d-ete\/\",\"name\":\"Emplois d'\u00e9t\u00e9 en Allemagne - Union Jumelages\",\"isPartOf\":{\"@id\":\"https:\/\/www.unionjumelages.com\/#website\"},\"primaryImageOfPage\":{\"@id\":\"https:\/\/www.unionjumelages.com\/index.php\/emplois-d-ete\/#primaryimage\"},\"image\":{\"@id\":\"https:\/\/www.unionjumelages.com\/index.php\/emplois-d-ete\/#primaryimage\"},\"thumbnailUrl\":\"https:\/\/www.unionjumelages.com\/wp-content\/uploads\/2021\/03\/cropped-union-jumelages.jpg\",\"datePublished\":\"2023-07-11T08:04:41+00:00\",\"dateModified\":\"2024-09-30T14:56:27+00:00\",\"breadcrumb\":{\"@id\":\"https:\/\/www.unionjumelages.com\/index.php\/emplois-d-ete\/#breadcrumb\"},\"inLanguage\":\"en-US\",\"potentialAction\":[{\"@type\":\"ReadAction\",\"target\":[\"https:\/\/www.unionjumelages.com\/index.php\/emplois-d-ete\/\"]}]},{\"@type\":\"ImageObject\",\"inLanguage\":\"en-US\",\"@id\":\"https:\/\/www.unionjumelages.com\/index.php\/emplois-d-ete\/#primaryimage\",\"url\":\"https:\/\/www.unionjumelages.com\/wp-content\/uploads\/2021\/03\/cropped-union-jumelages.jpg\",\"contentUrl\":\"https:\/\/www.unionjumelages.com\/wp-content\/uploads\/2021\/03\/cropped-union-jumelages.jpg\",\"width\":113,\"height\":95},{\"@type\":\"BreadcrumbList\",\"@id\":\"https:\/\/www.unionjumelages.com\/index.php\/emplois-d-ete\/#breadcrumb\",\"itemListElement\":[{\"@type\":\"ListItem\",\"position\":1,\"name\":\"Accueil\",\"item\":\"https:\/\/www.unionjumelages.com\/\"},{\"@type\":\"ListItem\",\"position\":2,\"name\":\"Emplois d&#8217;\u00e9t\u00e9 en Allemagne\"}]},{\"@type\":\"WebSite\",\"@id\":\"https:\/\/www.unionjumelages.com\/#website\",\"url\":\"https:\/\/www.unionjumelages.com\/\",\"name\":\"Union Jumelages\",\"description\":\"Un site utilisant WordPress\",\"publisher\":{\"@id\":\"https:\/\/www.unionjumelages.com\/#organization\"},\"potentialAction\":[{\"@type\":\"SearchAction\",\"target\":{\"@type\":\"EntryPoint\",\"urlTemplate\":\"https:\/\/www.unionjumelages.com\/?s={search_term_string}\"},\"query-input\":{\"@type\":\"PropertyValueSpecification\",\"valueRequired\":true,\"valueName\":\"search_term_string\"}}],\"inLanguage\":\"en-US\"},{\"@type\":\"Organization\",\"@id\":\"https:\/\/www.unionjumelages.com\/#organization\",\"name\":\"Union Jumelages\",\"url\":\"https:\/\/www.unionjumelages.com\/\",\"logo\":{\"@type\":\"ImageObject\",\"inLanguage\":\"en-US\",\"@id\":\"https:\/\/www.unionjumelages.com\/#\/schema\/logo\/image\/\",\"url\":\"https:\/\/www.unionjumelages.com\/wp-content\/uploads\/2021\/03\/cropped-union-jumelages.jpg\",\"contentUrl\":\"https:\/\/www.unionjumelages.com\/wp-content\/uploads\/2021\/03\/cropped-union-jumelages.jpg\",\"width\":113,\"height\":95,\"caption\":\"Union Jumelages\"},\"image\":{\"@id\":\"https:\/\/www.unionjumelages.com\/#\/schema\/logo\/image\/\"}}]}<\/script>\n<!-- \/ Yoast SEO plugin. -->","yoast_head_json":{"title":"Emplois d'\u00e9t\u00e9 en Allemagne - Union Jumelages","robots":{"index":"index","follow":"follow","max-snippet":"max-snippet:-1","max-image-preview":"max-image-preview:large","max-video-preview":"max-video-preview:-1"},"canonical":"https:\/\/www.unionjumelages.com\/index.php\/emplois-d-ete\/","og_locale":"en_US","og_type":"article","og_title":"Emplois d'\u00e9t\u00e9 en Allemagne - Union Jumelages","og_description":"Emplois d&#8217;\u00e9t\u00e9 &#8211; Travail saisonnier en Allemagne Vos enfants \u00e9tudiants souhaitent se perfectionner en allemand tout en \u00e9tant r\u00e9mun\u00e9r\u00e9s ?\u00a0 Eurojumelages et l&#8217;UNJPT proposent pour l&#8217;\u00e9t\u00e9 des emplois d&#8217;\u00e9t\u00e9 en Allemagne. D\u00e9couvrez nos propositions ci-dessous: Nos offres d&#8217;emploi","og_url":"https:\/\/www.unionjumelages.com\/index.php\/emplois-d-ete\/","og_site_name":"Union Jumelages","article_modified_time":"2024-09-30T14:56:27+00:00","og_image":[{"url":"https:\/\/www.unionjumelages.com\/wp-content\/uploads\/2021\/03\/cropped-union-jumelages.jpg","type":"","width":"","height":""}],"twitter_card":"summary_large_image","twitter_misc":{"Est. reading time":"2 minutes"},"schema":{"@context":"https:\/\/schema.org","@graph":[{"@type":"WebPage","@id":"https:\/\/www.unionjumelages.com\/index.php\/emplois-d-ete\/","url":"https:\/\/www.unionjumelages.com\/index.php\/emplois-d-ete\/","name":"Emplois d'\u00e9t\u00e9 en Allemagne - Union Jumelages","isPartOf":{"@id":"https:\/\/www.unionjumelages.com\/#website"},"primaryImageOfPage":{"@id":"https:\/\/www.unionjumelages.com\/index.php\/emplois-d-ete\/#primaryimage"},"image":{"@id":"https:\/\/www.unionjumelages.com\/index.php\/emplois-d-ete\/#primaryimage"},"thumbnailUrl":"https:\/\/www.unionjumelages.com\/wp-content\/uploads\/2021\/03\/cropped-union-jumelages.jpg","datePublished":"2023-07-11T08:04:41+00:00","dateModified":"2024-09-30T14:56:27+00:00","breadcrumb":{"@id":"https:\/\/www.unionjumelages.com\/index.php\/emplois-d-ete\/#breadcrumb"},"inLanguage":"en-US","potentialAction":[{"@type":"ReadAction","target":["https:\/\/www.unionjumelages.com\/index.php\/emplois-d-ete\/"]}]},{"@type":"ImageObject","inLanguage":"en-US","@id":"https:\/\/www.unionjumelages.com\/index.php\/emplois-d-ete\/#primaryimage","url":"https:\/\/www.unionjumelages.com\/wp-content\/uploads\/2021\/03\/cropped-union-jumelages.jpg","contentUrl":"https:\/\/www.unionjumelages.com\/wp-content\/uploads\/2021\/03\/cropped-union-jumelages.jpg","width":113,"height":95},{"@type":"BreadcrumbList","@id":"https:\/\/www.unionjumelages.com\/index.php\/emplois-d-ete\/#breadcrumb","itemListElement":[{"@type":"ListItem","position":1,"name":"Accueil","item":"https:\/\/www.unionjumelages.com\/"},{"@type":"ListItem","position":2,"name":"Emplois d&#8217;\u00e9t\u00e9 en Allemagne"}]},{"@type":"WebSite","@id":"https:\/\/www.unionjumelages.com\/#website","url":"https:\/\/www.unionjumelages.com\/","name":"Union Jumelages","description":"Un site utilisant WordPress","publisher":{"@id":"https:\/\/www.unionjumelages.com\/#organization"},"potentialAction":[{"@type":"SearchAction","target":{"@type":"EntryPoint","urlTemplate":"https:\/\/www.unionjumelages.com\/?s={search_term_string}"},"query-input":{"@type":"PropertyValueSpecification","valueRequired":true,"valueName":"search_term_string"}}],"inLanguage":"en-US"},{"@type":"Organization","@id":"https:\/\/www.unionjumelages.com\/#organization","name":"Union Jumelages","url":"https:\/\/www.unionjumelages.com\/","logo":{"@type":"ImageObject","inLanguage":"en-US","@id":"https:\/\/www.unionjumelages.com\/#\/schema\/logo\/image\/","url":"https:\/\/www.unionjumelages.com\/wp-content\/uploads\/2021\/03\/cropped-union-jumelages.jpg","contentUrl":"https:\/\/www.unionjumelages.com\/wp-content\/uploads\/2021\/03\/cropped-union-jumelages.jpg","width":113,"height":95,"caption":"Union Jumelages"},"image":{"@id":"https:\/\/www.unionjumelages.com\/#\/schema\/logo\/image\/"}}]}},"_links":{"self":[{"href":"https:\/\/www.unionjumelages.com\/index.php\/wp-json\/wp\/v2\/pages\/9464"}],"collection":[{"href":"https:\/\/www.unionjumelages.com\/index.php\/wp-json\/wp\/v2\/pages"}],"about":[{"href":"https:\/\/www.unionjumelages.com\/index.php\/wp-json\/wp\/v2\/types\/page"}],"author":[{"embeddable":true,"href":"https:\/\/www.unionjumelages.com\/index.php\/wp-json\/wp\/v2\/users\/1"}],"replies":[{"embeddable":true,"href":"https:\/\/www.unionjumelages.com\/index.php\/wp-json\/wp\/v2\/comments?post=9464"}],"version-history":[{"count":66,"href":"https:\/\/www.unionjumelages.com\/index.php\/wp-json\/wp\/v2\/pages\/9464\/revisions"}],"predecessor-version":[{"id":12893,"href":"https:\/\/www.unionjumelages.com\/index.php\/wp-json\/wp\/v2\/pages\/9464\/revisions\/12893"}],"wp:attachment":[{"href":"https:\/\/www.unionjumelages.com\/index.php\/wp-json\/wp\/v2\/media?parent=9464"}],"curies":[{"name":"wp","href":"https:\/\/api.w.org\/{rel}","templated":true}]}}