{"id":9317,"date":"2023-06-30T13:39:47","date_gmt":"2023-06-30T11:39:47","guid":{"rendered":"https:\/\/www.unionjumelages.com\/?page_id=9317"},"modified":"2025-12-11T11:17:38","modified_gmt":"2025-12-11T10:17:38","slug":"formations-espagnol","status":"publish","type":"page","link":"https:\/\/www.unionjumelages.com\/index.php\/formations-espagnol\/","title":{"rendered":"Formations espagnol"},"content":{"rendered":"\t\t<div data-elementor-type=\"wp-page\" data-elementor-id=\"9317\" class=\"elementor elementor-9317\" data-elementor-settings=\"[]\">\n\t\t\t\t\t\t\t<div class=\"elementor-section-wrap\">\n\t\t\t\t\t\t\t<section class=\"elementor-section elementor-top-section elementor-element elementor-element-609d580 elementor-section-boxed elementor-section-height-default elementor-section-height-default\" data-id=\"609d580\" data-element_type=\"section\" data-settings=\"{&quot;background_background&quot;:&quot;classic&quot;}\">\n\t\t\t\t\t\t<div class=\"elementor-container elementor-column-gap-default\">\n\t\t\t\t\t<div class=\"elementor-column elementor-col-100 elementor-top-column elementor-element elementor-element-cac9af0\" data-id=\"cac9af0\" data-element_type=\"column\">\n\t\t\t<div class=\"elementor-widget-wrap elementor-element-populated\">\n\t\t\t\t\t\t\t\t<div class=\"elementor-element elementor-element-5831d7b elementor-widget elementor-widget-spacer\" data-id=\"5831d7b\" data-element_type=\"widget\" data-widget_type=\"spacer.default\">\n\t\t\t\t<div class=\"elementor-widget-container\">\n\t\t\t\t\t<div class=\"elementor-spacer\">\n\t\t\t<div class=\"elementor-spacer-inner\"><\/div>\n\t\t<\/div>\n\t\t\t\t<\/div>\n\t\t\t\t<\/div>\n\t\t\t\t<div class=\"elementor-element elementor-element-70922ef elementor-widget elementor-widget-heading\" data-id=\"70922ef\" data-element_type=\"widget\" data-widget_type=\"heading.default\">\n\t\t\t\t<div class=\"elementor-widget-container\">\n\t\t\t<h2 class=\"elementor-heading-title elementor-size-default\">FORMATIONS EN ESPAGNOL<\/h2>\t\t<\/div>\n\t\t\t\t<\/div>\n\t\t\t\t<div class=\"elementor-element elementor-element-80f2321 elementor-widget elementor-widget-spacer\" data-id=\"80f2321\" data-element_type=\"widget\" data-widget_type=\"spacer.default\">\n\t\t\t\t<div class=\"elementor-widget-container\">\n\t\t\t\t\t<div class=\"elementor-spacer\">\n\t\t\t<div class=\"elementor-spacer-inner\"><\/div>\n\t\t<\/div>\n\t\t\t\t<\/div>\n\t\t\t\t<\/div>\n\t\t\t\t\t<\/div>\n\t\t<\/div>\n\t\t\t\t\t\t\t<\/div>\n\t\t<\/section>\n\t\t\t\t<section class=\"elementor-section elementor-top-section elementor-element elementor-element-da9f87f elementor-section-boxed elementor-section-height-default elementor-section-height-default\" data-id=\"da9f87f\" data-element_type=\"section\">\n\t\t\t\t\t\t<div class=\"elementor-container elementor-column-gap-default\">\n\t\t\t\t\t<div class=\"elementor-column elementor-col-100 elementor-top-column elementor-element elementor-element-dc3485a\" data-id=\"dc3485a\" data-element_type=\"column\">\n\t\t\t<div class=\"elementor-widget-wrap elementor-element-populated\">\n\t\t\t\t\t\t\t\t<div class=\"elementor-element elementor-element-074651d elementor-grid-2 elementor-grid-tablet-2 elementor-grid-mobile-1 elementor-posts--thumbnail-top elementor-widget elementor-widget-posts\" data-id=\"074651d\" data-element_type=\"widget\" data-settings=\"{&quot;classic_columns&quot;:&quot;2&quot;,&quot;classic_columns_tablet&quot;:&quot;2&quot;,&quot;classic_columns_mobile&quot;:&quot;1&quot;,&quot;classic_row_gap&quot;:{&quot;unit&quot;:&quot;px&quot;,&quot;size&quot;:35,&quot;sizes&quot;:[]}}\" data-widget_type=\"posts.classic\">\n\t\t\t\t<div class=\"elementor-widget-container\">\n\t\t\t\t\t<div class=\"elementor-posts-container elementor-posts elementor-posts--skin-classic elementor-grid\">\n\t\t\t\t<article class=\"elementor-post elementor-grid-item post-9320 post type-post status-publish format-standard has-post-thumbnail hentry category-formations-espagnol\">\n\t\t\t\t<a class=\"elementor-post__thumbnail__link\" href=\"https:\/\/www.unionjumelages.com\/index.php\/2023\/03\/30\/espagnol-general-et-professionnel-face-to-face-50-h\/\" target=\"_blank\">\n\t\t\t<div class=\"elementor-post__thumbnail\"><img loading=\"lazy\" decoding=\"async\" width=\"300\" height=\"200\" src=\"https:\/\/www.unionjumelages.com\/wp-content\/uploads\/2023\/02\/universite-pontificale-de-salamanque-33586259-300x200.jpg\" class=\"attachment-medium size-medium\" alt=\"\" srcset=\"https:\/\/www.unionjumelages.com\/wp-content\/uploads\/2023\/02\/universite-pontificale-de-salamanque-33586259-300x200.jpg 300w, https:\/\/www.unionjumelages.com\/wp-content\/uploads\/2023\/02\/universite-pontificale-de-salamanque-33586259-768x512.jpg 768w, https:\/\/www.unionjumelages.com\/wp-content\/uploads\/2023\/02\/universite-pontificale-de-salamanque-33586259.jpg 800w\" sizes=\"(max-width: 300px) 100vw, 300px\" \/><\/div>\n\t\t<\/a>\n\t\t\t\t<div class=\"elementor-post__text\">\n\t\t\t\t<h3 class=\"elementor-post__title\">\n\t\t\t<a href=\"https:\/\/www.unionjumelages.com\/index.php\/2023\/03\/30\/espagnol-general-et-professionnel-face-to-face-50-h\/\" target=\"_blank\">\n\t\t\t\tEspagnol g\u00e9n\u00e9ral et professionnel Face to Face 50h\t\t\t<\/a>\n\t\t<\/h3>\n\t\t\t\t<div class=\"elementor-post__excerpt\">\n\t\t\t<p>Espagnol g\u00e9n\u00e9ral et professionnel en pr\u00e9sentiel en  Espagne 50 h<\/p>\n\t\t<\/div>\n\t\t\t\t\t<a class=\"elementor-post__read-more\" href=\"https:\/\/www.unionjumelages.com\/index.php\/2023\/03\/30\/espagnol-general-et-professionnel-face-to-face-50-h\/\" target=\"_blank\">\n\t\t\t\tLire la suite\t\t\t<\/a>\n\t\t\t\t<\/div>\n\t\t\t\t<\/article>\n\t\t\t\t<article class=\"elementor-post elementor-grid-item post-9346 post type-post status-publish format-standard has-post-thumbnail hentry category-formations-espagnol\">\n\t\t\t\t<a class=\"elementor-post__thumbnail__link\" href=\"https:\/\/www.unionjumelages.com\/index.php\/2023\/02\/09\/espagnol-professionnel-online-32h\/\" target=\"_blank\">\n\t\t\t<div class=\"elementor-post__thumbnail\"><img loading=\"lazy\" decoding=\"async\" width=\"300\" height=\"135\" src=\"https:\/\/www.unionjumelages.com\/wp-content\/uploads\/2023\/04\/1680445263375-300x135.jpg\" class=\"attachment-medium size-medium\" alt=\"\" srcset=\"https:\/\/www.unionjumelages.com\/wp-content\/uploads\/2023\/04\/1680445263375-300x135.jpg 300w, https:\/\/www.unionjumelages.com\/wp-content\/uploads\/2023\/04\/1680445263375-1024x461.jpg 1024w, https:\/\/www.unionjumelages.com\/wp-content\/uploads\/2023\/04\/1680445263375-768x346.jpg 768w, https:\/\/www.unionjumelages.com\/wp-content\/uploads\/2023\/04\/1680445263375-1536x691.jpg 1536w, https:\/\/www.unionjumelages.com\/wp-content\/uploads\/2023\/04\/1680445263375-2048x922.jpg 2048w\" sizes=\"(max-width: 300px) 100vw, 300px\" \/><\/div>\n\t\t<\/a>\n\t\t\t\t<div class=\"elementor-post__text\">\n\t\t\t\t<h3 class=\"elementor-post__title\">\n\t\t\t<a href=\"https:\/\/www.unionjumelages.com\/index.php\/2023\/02\/09\/espagnol-professionnel-online-32h\/\" target=\"_blank\">\n\t\t\t\tEspagnol professionnel Online 32h- Certification LILATE\t\t\t<\/a>\n\t\t<\/h3>\n\t\t\t\t<div class=\"elementor-post__excerpt\">\n\t\t\t<p> Espagnol g\u00e9n\u00e9ral et professionnel en ligne 20h &#8211; Certification LILATE en Espagnol<\/p>\n\t\t<\/div>\n\t\t\t\t\t<a class=\"elementor-post__read-more\" href=\"https:\/\/www.unionjumelages.com\/index.php\/2023\/02\/09\/espagnol-professionnel-online-32h\/\" target=\"_blank\">\n\t\t\t\tLire la suite\t\t\t<\/a>\n\t\t\t\t<\/div>\n\t\t\t\t<\/article>\n\t\t\t\t<\/div>\n\t\t\t\t<\/div>\n\t\t\t\t<\/div>\n\t\t\t\t\t<\/div>\n\t\t<\/div>\n\t\t\t\t\t\t\t<\/div>\n\t\t<\/section>\n\t\t\t\t<section class=\"elementor-section elementor-top-section elementor-element elementor-element-b070e2d elementor-section-boxed elementor-section-height-default elementor-section-height-default\" data-id=\"b070e2d\" data-element_type=\"section\">\n\t\t\t\t\t\t<div class=\"elementor-container elementor-column-gap-default\">\n\t\t\t\t\t<div class=\"elementor-column elementor-col-50 elementor-top-column elementor-element elementor-element-f5b2b00\" data-id=\"f5b2b00\" data-element_type=\"column\">\n\t\t\t<div class=\"elementor-widget-wrap elementor-element-populated\">\n\t\t\t\t\t\t\t\t<div class=\"elementor-element elementor-element-b748613 elementor-widget elementor-widget-image\" data-id=\"b748613\" data-element_type=\"widget\" data-widget_type=\"image.default\">\n\t\t\t\t<div class=\"elementor-widget-container\">\n\t\t\t\t\t\t\t\t\t\t\t\t\t\t\t<img loading=\"lazy\" decoding=\"async\" width=\"317\" height=\"170\" src=\"https:\/\/www.unionjumelages.com\/wp-content\/uploads\/2022\/12\/Logo-Qualiopi-150dpi-Avec_Marianne1.jpg\" class=\"attachment-large size-large\" alt=\"\" srcset=\"https:\/\/www.unionjumelages.com\/wp-content\/uploads\/2022\/12\/Logo-Qualiopi-150dpi-Avec_Marianne1.jpg 317w, https:\/\/www.unionjumelages.com\/wp-content\/uploads\/2022\/12\/Logo-Qualiopi-150dpi-Avec_Marianne1-300x161.jpg 300w\" sizes=\"(max-width: 317px) 100vw, 317px\" \/>\t\t\t\t\t\t\t\t\t\t\t\t\t\t\t<\/div>\n\t\t\t\t<\/div>\n\t\t\t\t<div class=\"elementor-element elementor-element-272afa1 elementor-align-right elementor-widget elementor-widget-button\" data-id=\"272afa1\" data-element_type=\"widget\" data-widget_type=\"button.default\">\n\t\t\t\t<div class=\"elementor-widget-container\">\n\t\t\t\t\t<div class=\"elementor-button-wrapper\">\n\t\t\t<a href=\"https:\/\/www.unionjumelages.com\/wp-content\/uploads\/2025\/10\/836673-48638-Certificat-Qualiopi-renouvellement-Cofrac.pdf\" target=\"_blank\" class=\"elementor-button-link elementor-button elementor-size-sm\" role=\"button\">\n\t\t\t\t\t\t<span class=\"elementor-button-content-wrapper\">\n\t\t\t\t\t\t<span class=\"elementor-button-text\">UNJPT - Certificat Qualiopi<\/span>\n\t\t<\/span>\n\t\t\t\t\t<\/a>\n\t\t<\/div>\n\t\t\t\t<\/div>\n\t\t\t\t<\/div>\n\t\t\t\t\t<\/div>\n\t\t<\/div>\n\t\t\t\t<div class=\"elementor-column elementor-col-50 elementor-top-column elementor-element elementor-element-9d7003c\" data-id=\"9d7003c\" data-element_type=\"column\">\n\t\t\t<div class=\"elementor-widget-wrap elementor-element-populated\">\n\t\t\t\t\t\t\t\t<div class=\"elementor-element elementor-element-ba1a2bd elementor-widget elementor-widget-spacer\" data-id=\"ba1a2bd\" data-element_type=\"widget\" data-widget_type=\"spacer.default\">\n\t\t\t\t<div class=\"elementor-widget-container\">\n\t\t\t\t\t<div class=\"elementor-spacer\">\n\t\t\t<div class=\"elementor-spacer-inner\"><\/div>\n\t\t<\/div>\n\t\t\t\t<\/div>\n\t\t\t\t<\/div>\n\t\t\t\t<div class=\"elementor-element elementor-element-4ce1aa2 elementor-widget elementor-widget-text-editor\" data-id=\"4ce1aa2\" data-element_type=\"widget\" data-widget_type=\"text-editor.default\">\n\t\t\t\t<div class=\"elementor-widget-container\">\n\t\t\t\t\t\t\t<p>La certification qualit\u00e9 a \u00e9t\u00e9 d\u00e9livr\u00e9e au titre de la cat\u00e9gorie d&#8217;actions suivantes: ACTIONS DE FORMATION<\/p>\t\t\t\t\t\t<\/div>\n\t\t\t\t<\/div>\n\t\t\t\t\t<\/div>\n\t\t<\/div>\n\t\t\t\t\t\t\t<\/div>\n\t\t<\/section>\n\t\t\t\t\t\t<\/div>\n\t\t\t\t\t<\/div>\n\t\t","protected":false},"excerpt":{"rendered":"<p>FORMATIONS EN ESPAGNOL UNJPT &#8211; Certificat Qualiopi La certification qualit\u00e9 a \u00e9t\u00e9 d\u00e9livr\u00e9e au titre de la cat\u00e9gorie d&#8217;actions suivantes: ACTIONS DE FORMATION<\/p>\n","protected":false},"author":3,"featured_media":0,"parent":0,"menu_order":0,"comment_status":"closed","ping_status":"closed","template":"elementor_header_footer","meta":{"footnotes":""},"class_list":["post-9317","page","type-page","status-publish","hentry"],"yoast_head":"<!-- This site is optimized with the Yoast SEO plugin v25.3.1 - https:\/\/yoast.com\/wordpress\/plugins\/seo\/ -->\n<title>Formations espagnol - Union Jumelages<\/title>\n<meta name=\"robots\" content=\"index, follow, max-snippet:-1, max-image-preview:large, max-video-preview:-1\" \/>\n<link rel=\"canonical\" href=\"https:\/\/www.unionjumelages.com\/index.php\/formations-espagnol\/\" \/>\n<meta property=\"og:locale\" content=\"en_US\" \/>\n<meta property=\"og:type\" content=\"article\" \/>\n<meta property=\"og:title\" content=\"Formations espagnol - Union Jumelages\" \/>\n<meta property=\"og:description\" content=\"FORMATIONS EN ESPAGNOL UNJPT &#8211; Certificat Qualiopi La certification qualit\u00e9 a \u00e9t\u00e9 d\u00e9livr\u00e9e au titre de la cat\u00e9gorie d&#8217;actions suivantes: ACTIONS DE FORMATION\" \/>\n<meta property=\"og:url\" content=\"https:\/\/www.unionjumelages.com\/index.php\/formations-espagnol\/\" \/>\n<meta property=\"og:site_name\" content=\"Union Jumelages\" \/>\n<meta property=\"article:modified_time\" content=\"2025-12-11T10:17:38+00:00\" \/>\n<meta property=\"og:image\" content=\"https:\/\/www.unionjumelages.com\/wp-content\/uploads\/2022\/12\/Logo-Qualiopi-150dpi-Avec_Marianne1.jpg\" \/>\n<meta name=\"twitter:card\" content=\"summary_large_image\" \/>\n<meta name=\"twitter:label1\" content=\"Est. reading time\" \/>\n\t<meta name=\"twitter:data1\" content=\"1 minute\" \/>\n<script type=\"application\/ld+json\" class=\"yoast-schema-graph\">{\"@context\":\"https:\/\/schema.org\",\"@graph\":[{\"@type\":\"WebPage\",\"@id\":\"https:\/\/www.unionjumelages.com\/index.php\/formations-espagnol\/\",\"url\":\"https:\/\/www.unionjumelages.com\/index.php\/formations-espagnol\/\",\"name\":\"Formations espagnol - Union Jumelages\",\"isPartOf\":{\"@id\":\"https:\/\/www.unionjumelages.com\/#website\"},\"primaryImageOfPage\":{\"@id\":\"https:\/\/www.unionjumelages.com\/index.php\/formations-espagnol\/#primaryimage\"},\"image\":{\"@id\":\"https:\/\/www.unionjumelages.com\/index.php\/formations-espagnol\/#primaryimage\"},\"thumbnailUrl\":\"https:\/\/www.unionjumelages.com\/wp-content\/uploads\/2022\/12\/Logo-Qualiopi-150dpi-Avec_Marianne1.jpg\",\"datePublished\":\"2023-06-30T11:39:47+00:00\",\"dateModified\":\"2025-12-11T10:17:38+00:00\",\"breadcrumb\":{\"@id\":\"https:\/\/www.unionjumelages.com\/index.php\/formations-espagnol\/#breadcrumb\"},\"inLanguage\":\"en-US\",\"potentialAction\":[{\"@type\":\"ReadAction\",\"target\":[\"https:\/\/www.unionjumelages.com\/index.php\/formations-espagnol\/\"]}]},{\"@type\":\"ImageObject\",\"inLanguage\":\"en-US\",\"@id\":\"https:\/\/www.unionjumelages.com\/index.php\/formations-espagnol\/#primaryimage\",\"url\":\"https:\/\/www.unionjumelages.com\/wp-content\/uploads\/2022\/12\/Logo-Qualiopi-150dpi-Avec_Marianne1.jpg\",\"contentUrl\":\"https:\/\/www.unionjumelages.com\/wp-content\/uploads\/2022\/12\/Logo-Qualiopi-150dpi-Avec_Marianne1.jpg\",\"width\":317,\"height\":170},{\"@type\":\"BreadcrumbList\",\"@id\":\"https:\/\/www.unionjumelages.com\/index.php\/formations-espagnol\/#breadcrumb\",\"itemListElement\":[{\"@type\":\"ListItem\",\"position\":1,\"name\":\"Accueil\",\"item\":\"https:\/\/www.unionjumelages.com\/\"},{\"@type\":\"ListItem\",\"position\":2,\"name\":\"Formations espagnol\"}]},{\"@type\":\"WebSite\",\"@id\":\"https:\/\/www.unionjumelages.com\/#website\",\"url\":\"https:\/\/www.unionjumelages.com\/\",\"name\":\"Union Jumelages\",\"description\":\"Un site utilisant WordPress\",\"publisher\":{\"@id\":\"https:\/\/www.unionjumelages.com\/#organization\"},\"potentialAction\":[{\"@type\":\"SearchAction\",\"target\":{\"@type\":\"EntryPoint\",\"urlTemplate\":\"https:\/\/www.unionjumelages.com\/?s={search_term_string}\"},\"query-input\":{\"@type\":\"PropertyValueSpecification\",\"valueRequired\":true,\"valueName\":\"search_term_string\"}}],\"inLanguage\":\"en-US\"},{\"@type\":\"Organization\",\"@id\":\"https:\/\/www.unionjumelages.com\/#organization\",\"name\":\"Union Jumelages\",\"url\":\"https:\/\/www.unionjumelages.com\/\",\"logo\":{\"@type\":\"ImageObject\",\"inLanguage\":\"en-US\",\"@id\":\"https:\/\/www.unionjumelages.com\/#\/schema\/logo\/image\/\",\"url\":\"https:\/\/www.unionjumelages.com\/wp-content\/uploads\/2021\/03\/cropped-union-jumelages.jpg\",\"contentUrl\":\"https:\/\/www.unionjumelages.com\/wp-content\/uploads\/2021\/03\/cropped-union-jumelages.jpg\",\"width\":113,\"height\":95,\"caption\":\"Union Jumelages\"},\"image\":{\"@id\":\"https:\/\/www.unionjumelages.com\/#\/schema\/logo\/image\/\"}}]}<\/script>\n<!-- \/ Yoast SEO plugin. -->","yoast_head_json":{"title":"Formations espagnol - Union Jumelages","robots":{"index":"index","follow":"follow","max-snippet":"max-snippet:-1","max-image-preview":"max-image-preview:large","max-video-preview":"max-video-preview:-1"},"canonical":"https:\/\/www.unionjumelages.com\/index.php\/formations-espagnol\/","og_locale":"en_US","og_type":"article","og_title":"Formations espagnol - Union Jumelages","og_description":"FORMATIONS EN ESPAGNOL UNJPT &#8211; Certificat Qualiopi La certification qualit\u00e9 a \u00e9t\u00e9 d\u00e9livr\u00e9e au titre de la cat\u00e9gorie d&#8217;actions suivantes: ACTIONS DE FORMATION","og_url":"https:\/\/www.unionjumelages.com\/index.php\/formations-espagnol\/","og_site_name":"Union Jumelages","article_modified_time":"2025-12-11T10:17:38+00:00","og_image":[{"url":"https:\/\/www.unionjumelages.com\/wp-content\/uploads\/2022\/12\/Logo-Qualiopi-150dpi-Avec_Marianne1.jpg","type":"","width":"","height":""}],"twitter_card":"summary_large_image","twitter_misc":{"Est. reading time":"1 minute"},"schema":{"@context":"https:\/\/schema.org","@graph":[{"@type":"WebPage","@id":"https:\/\/www.unionjumelages.com\/index.php\/formations-espagnol\/","url":"https:\/\/www.unionjumelages.com\/index.php\/formations-espagnol\/","name":"Formations espagnol - Union Jumelages","isPartOf":{"@id":"https:\/\/www.unionjumelages.com\/#website"},"primaryImageOfPage":{"@id":"https:\/\/www.unionjumelages.com\/index.php\/formations-espagnol\/#primaryimage"},"image":{"@id":"https:\/\/www.unionjumelages.com\/index.php\/formations-espagnol\/#primaryimage"},"thumbnailUrl":"https:\/\/www.unionjumelages.com\/wp-content\/uploads\/2022\/12\/Logo-Qualiopi-150dpi-Avec_Marianne1.jpg","datePublished":"2023-06-30T11:39:47+00:00","dateModified":"2025-12-11T10:17:38+00:00","breadcrumb":{"@id":"https:\/\/www.unionjumelages.com\/index.php\/formations-espagnol\/#breadcrumb"},"inLanguage":"en-US","potentialAction":[{"@type":"ReadAction","target":["https:\/\/www.unionjumelages.com\/index.php\/formations-espagnol\/"]}]},{"@type":"ImageObject","inLanguage":"en-US","@id":"https:\/\/www.unionjumelages.com\/index.php\/formations-espagnol\/#primaryimage","url":"https:\/\/www.unionjumelages.com\/wp-content\/uploads\/2022\/12\/Logo-Qualiopi-150dpi-Avec_Marianne1.jpg","contentUrl":"https:\/\/www.unionjumelages.com\/wp-content\/uploads\/2022\/12\/Logo-Qualiopi-150dpi-Avec_Marianne1.jpg","width":317,"height":170},{"@type":"BreadcrumbList","@id":"https:\/\/www.unionjumelages.com\/index.php\/formations-espagnol\/#breadcrumb","itemListElement":[{"@type":"ListItem","position":1,"name":"Accueil","item":"https:\/\/www.unionjumelages.com\/"},{"@type":"ListItem","position":2,"name":"Formations espagnol"}]},{"@type":"WebSite","@id":"https:\/\/www.unionjumelages.com\/#website","url":"https:\/\/www.unionjumelages.com\/","name":"Union Jumelages","description":"Un site utilisant WordPress","publisher":{"@id":"https:\/\/www.unionjumelages.com\/#organization"},"potentialAction":[{"@type":"SearchAction","target":{"@type":"EntryPoint","urlTemplate":"https:\/\/www.unionjumelages.com\/?s={search_term_string}"},"query-input":{"@type":"PropertyValueSpecification","valueRequired":true,"valueName":"search_term_string"}}],"inLanguage":"en-US"},{"@type":"Organization","@id":"https:\/\/www.unionjumelages.com\/#organization","name":"Union Jumelages","url":"https:\/\/www.unionjumelages.com\/","logo":{"@type":"ImageObject","inLanguage":"en-US","@id":"https:\/\/www.unionjumelages.com\/#\/schema\/logo\/image\/","url":"https:\/\/www.unionjumelages.com\/wp-content\/uploads\/2021\/03\/cropped-union-jumelages.jpg","contentUrl":"https:\/\/www.unionjumelages.com\/wp-content\/uploads\/2021\/03\/cropped-union-jumelages.jpg","width":113,"height":95,"caption":"Union Jumelages"},"image":{"@id":"https:\/\/www.unionjumelages.com\/#\/schema\/logo\/image\/"}}]}},"_links":{"self":[{"href":"https:\/\/www.unionjumelages.com\/index.php\/wp-json\/wp\/v2\/pages\/9317"}],"collection":[{"href":"https:\/\/www.unionjumelages.com\/index.php\/wp-json\/wp\/v2\/pages"}],"about":[{"href":"https:\/\/www.unionjumelages.com\/index.php\/wp-json\/wp\/v2\/types\/page"}],"author":[{"embeddable":true,"href":"https:\/\/www.unionjumelages.com\/index.php\/wp-json\/wp\/v2\/users\/3"}],"replies":[{"embeddable":true,"href":"https:\/\/www.unionjumelages.com\/index.php\/wp-json\/wp\/v2\/comments?post=9317"}],"version-history":[{"count":23,"href":"https:\/\/www.unionjumelages.com\/index.php\/wp-json\/wp\/v2\/pages\/9317\/revisions"}],"predecessor-version":[{"id":16624,"href":"https:\/\/www.unionjumelages.com\/index.php\/wp-json\/wp\/v2\/pages\/9317\/revisions\/16624"}],"wp:attachment":[{"href":"https:\/\/www.unionjumelages.com\/index.php\/wp-json\/wp\/v2\/media?parent=9317"}],"curies":[{"name":"wp","href":"https:\/\/api.w.org\/{rel}","templated":true}]}}