{"id":836,"date":"2021-03-18T16:14:58","date_gmt":"2021-03-18T15:14:58","guid":{"rendered":"https:\/\/www.unionjumelages.com\/?page_id=836"},"modified":"2024-06-05T15:19:14","modified_gmt":"2024-06-05T13:19:14","slug":"presentation","status":"publish","type":"page","link":"https:\/\/www.unionjumelages.com\/index.php\/presentation\/","title":{"rendered":"Pr\u00e9sentation"},"content":{"rendered":"\t\t<div data-elementor-type=\"wp-page\" data-elementor-id=\"836\" class=\"elementor elementor-836\" data-elementor-settings=\"[]\">\n\t\t\t\t\t\t\t<div class=\"elementor-section-wrap\">\n\t\t\t\t\t\t\t<section class=\"elementor-section elementor-top-section elementor-element elementor-element-3191126 elementor-section-boxed elementor-section-height-default elementor-section-height-default\" data-id=\"3191126\" data-element_type=\"section\">\n\t\t\t\t\t\t<div class=\"elementor-container elementor-column-gap-default\">\n\t\t\t\t\t<div class=\"elementor-column elementor-col-100 elementor-top-column elementor-element elementor-element-6786be2\" data-id=\"6786be2\" data-element_type=\"column\">\n\t\t\t<div class=\"elementor-widget-wrap elementor-element-populated\">\n\t\t\t\t\t\t\t\t<div class=\"elementor-element elementor-element-de0da3a elementor-widget elementor-widget-spacer\" data-id=\"de0da3a\" data-element_type=\"widget\" data-widget_type=\"spacer.default\">\n\t\t\t\t<div class=\"elementor-widget-container\">\n\t\t\t\t\t<div class=\"elementor-spacer\">\n\t\t\t<div class=\"elementor-spacer-inner\"><\/div>\n\t\t<\/div>\n\t\t\t\t<\/div>\n\t\t\t\t<\/div>\n\t\t\t\t<div class=\"elementor-element elementor-element-708ebca elementor-widget elementor-widget-heading\" data-id=\"708ebca\" data-element_type=\"widget\" data-widget_type=\"heading.default\">\n\t\t\t\t<div class=\"elementor-widget-container\">\n\t\t\t<h2 class=\"elementor-heading-title elementor-size-default\">Qui sommes nous?<\/h2>\t\t<\/div>\n\t\t\t\t<\/div>\n\t\t\t\t<div class=\"elementor-element elementor-element-0a5f45d elementor-widget elementor-widget-spacer\" data-id=\"0a5f45d\" data-element_type=\"widget\" data-widget_type=\"spacer.default\">\n\t\t\t\t<div class=\"elementor-widget-container\">\n\t\t\t\t\t<div class=\"elementor-spacer\">\n\t\t\t<div class=\"elementor-spacer-inner\"><\/div>\n\t\t<\/div>\n\t\t\t\t<\/div>\n\t\t\t\t<\/div>\n\t\t\t\t\t<\/div>\n\t\t<\/div>\n\t\t\t\t\t\t\t<\/div>\n\t\t<\/section>\n\t\t\t\t<section class=\"elementor-section elementor-top-section elementor-element elementor-element-29f5627 elementor-section-boxed elementor-section-height-default elementor-section-height-default\" data-id=\"29f5627\" data-element_type=\"section\">\n\t\t\t\t\t\t<div class=\"elementor-container elementor-column-gap-default\">\n\t\t\t\t\t<div class=\"elementor-column elementor-col-50 elementor-top-column elementor-element elementor-element-118ba0a\" data-id=\"118ba0a\" data-element_type=\"column\">\n\t\t\t<div class=\"elementor-widget-wrap elementor-element-populated\">\n\t\t\t\t\t\t\t\t<div class=\"elementor-element elementor-element-9026ee1 elementor-widget elementor-widget-text-editor\" data-id=\"9026ee1\" data-element_type=\"widget\" data-widget_type=\"text-editor.default\">\n\t\t\t\t<div class=\"elementor-widget-container\">\n\t\t\t\t\t\t\t<p>L\u2019UNJPT, c\u2019est quoi au juste ?<\/p><p>L\u2019Union Nationale des Jumelages Pour Tous est une association loi 1901 qui f\u00e9d\u00e8re les associations locales de jumelages avec leurs coll\u00e8gues europ\u00e9ens.<\/p><p>H\u00e9riti\u00e8re d&#8217;une histoire commenc\u00e9e en 1959 entre deux postiers, l&#8217;un Fran\u00e7ais et l\u2019autre Allemand, l\u2019association a pour but essentiel de d\u00e9velopper et d\u2019approfondir les relations entre <br \/>les personnels actifs ou retrait\u00e9s et leurs familles des entreprises Poste et T\u00e9l\u00e9coms; elle est d\u00e9sormais ouverte \u00e0 tous.<\/p><p>\u00a0Pour ce faire, l\u2019association propose des cours de langues, des rencontres, des stages et des emplois temporaires \u00e0 l\u2019\u00e9tranger et bien d\u2019autres activit\u00e9s au niveau international<\/p><p>Les s\u00e9jours \u00ab Culture et langues \u00bb (s\u00e9jours linguistiques en immersion)\u00a0 pour tous niveaux, sont propos\u00e9s en partenariat avec des \u00e9coles anglaises, maltaises, allemandes, espagnoles et italiennes, toutes d\u00fbment accr\u00e9dit\u00e9es.<\/p><p>\u00a0L&#8217;association a aussi d\u00e9velopp\u00e9 avec ses partenaires, des cours de langues en ligne pour adultes et enfants qui rencontrent un succ\u00e8s incontestable depuis la crise sanitaire.\u00a0\u00a0\u00a0\u00a0\u00a0\u00a0\u00a0\u00a0\u00a0\u00a0\u00a0\u00a0\u00a0\u00a0\u00a0\u00a0\u00a0\u00a0\u00a0\u00a0<\/p><p>Ainsi depuis 2020, plus de 500 inscrits ont d\u2019ores et d\u00e9j\u00e0 pu b\u00e9n\u00e9ficier de plus de 1 000 semaines de cours d\u2019anglais.<\/p><p>Forte de son exp\u00e9rience dans l\u2019apprentissage des langues et de la qualit\u00e9 de l\u2019enseignement<br \/>de ses \u00e9coles partenaires,\u00a0 l\u2019UNJPT est maintenant certifi\u00e9e Qualiopi afin de permettre<br \/>au plus grand nombre d\u2019adh\u00e9rents de tous horizons, de b\u00e9n\u00e9ficier des formations propos\u00e9es.<\/p><p>L\u2019UNJPT est membre de Eurojumelages (Association europ\u00e9enne des Jumelages)<br \/>Le si\u00e8ge de l\u2019UNJPT est situ\u00e9 :<\/p><p>13 rue de Javel 75015 PARIS 01 53 62 20 30\u00a0 e-mail : unjpt@orange.fr<\/p>\t\t\t\t\t\t<\/div>\n\t\t\t\t<\/div>\n\t\t\t\t<div class=\"elementor-element elementor-element-5d1e2f8 elementor-widget elementor-widget-button\" data-id=\"5d1e2f8\" data-element_type=\"widget\" data-widget_type=\"button.default\">\n\t\t\t\t<div class=\"elementor-widget-container\">\n\t\t\t\t\t<div class=\"elementor-button-wrapper\">\n\t\t\t<a href=\"https:\/\/www.facebook.com\/jumelage.unjpt.1\" target=\"_blank\" class=\"elementor-button-link elementor-button elementor-size-sm\" role=\"button\">\n\t\t\t\t\t\t<span class=\"elementor-button-content-wrapper\">\n\t\t\t\t\t\t<span class=\"elementor-button-icon elementor-align-icon-left\">\n\t\t\t\t<i aria-hidden=\"true\" class=\"fab fa-facebook-square\"><\/i>\t\t\t<\/span>\n\t\t\t\t\t\t<span class=\"elementor-button-text\">Rejoignez-nous sur Facebook<\/span>\n\t\t<\/span>\n\t\t\t\t\t<\/a>\n\t\t<\/div>\n\t\t\t\t<\/div>\n\t\t\t\t<\/div>\n\t\t\t\t<div class=\"elementor-element elementor-element-2cf49a5 elementor-widget elementor-widget-text-editor\" data-id=\"2cf49a5\" data-element_type=\"widget\" data-widget_type=\"text-editor.default\">\n\t\t\t\t<div class=\"elementor-widget-container\">\n\t\t\t\t\t\t\t\t\t\t\t\t\t<\/div>\n\t\t\t\t<\/div>\n\t\t\t\t\t<\/div>\n\t\t<\/div>\n\t\t\t\t<div class=\"elementor-column elementor-col-50 elementor-top-column elementor-element elementor-element-b71ed01\" data-id=\"b71ed01\" data-element_type=\"column\">\n\t\t\t<div class=\"elementor-widget-wrap elementor-element-populated\">\n\t\t\t\t\t\t\t\t<div class=\"elementor-element elementor-element-224a567 elementor-widget elementor-widget-image\" data-id=\"224a567\" data-element_type=\"widget\" data-widget_type=\"image.default\">\n\t\t\t\t<div class=\"elementor-widget-container\">\n\t\t\t\t\t\t\t\t\t\t\t\t\t\t\t<img loading=\"lazy\" decoding=\"async\" width=\"1536\" height=\"1024\" src=\"https:\/\/www.unionjumelages.com\/wp-content\/uploads\/2021\/04\/flag-2608475_1920-1536x1024.jpg\" class=\"attachment-1536x1536 size-1536x1536\" alt=\"\" srcset=\"https:\/\/www.unionjumelages.com\/wp-content\/uploads\/2021\/04\/flag-2608475_1920-1536x1024.jpg 1536w, https:\/\/www.unionjumelages.com\/wp-content\/uploads\/2021\/04\/flag-2608475_1920-300x200.jpg 300w, https:\/\/www.unionjumelages.com\/wp-content\/uploads\/2021\/04\/flag-2608475_1920-1024x683.jpg 1024w, https:\/\/www.unionjumelages.com\/wp-content\/uploads\/2021\/04\/flag-2608475_1920-768x512.jpg 768w, https:\/\/www.unionjumelages.com\/wp-content\/uploads\/2021\/04\/flag-2608475_1920.jpg 1920w\" sizes=\"(max-width: 1536px) 100vw, 1536px\" \/>\t\t\t\t\t\t\t\t\t\t\t\t\t\t\t<\/div>\n\t\t\t\t<\/div>\n\t\t\t\t<div class=\"elementor-element elementor-element-37e8f26 elementor-widget elementor-widget-google_maps\" data-id=\"37e8f26\" data-element_type=\"widget\" data-widget_type=\"google_maps.default\">\n\t\t\t\t<div class=\"elementor-widget-container\">\n\t\t\t\t\t<div class=\"elementor-custom-embed\">\n\t\t\t<iframe frameborder=\"0\" scrolling=\"no\" marginheight=\"0\" marginwidth=\"0\"\n\t\t\t\t\tsrc=\"https:\/\/maps.google.com\/maps?q=13%20rue%20de%20javel%2075015%20paris&#038;t=m&#038;z=16&#038;output=embed&#038;iwloc=near\"\n\t\t\t\t\ttitle=\"13 rue de javel 75015 paris\"\n\t\t\t\t\taria-label=\"13 rue de javel 75015 paris\"\n\t\t\t><\/iframe>\n\t\t<\/div>\n\t\t\t\t<\/div>\n\t\t\t\t<\/div>\n\t\t\t\t\t<\/div>\n\t\t<\/div>\n\t\t\t\t\t\t\t<\/div>\n\t\t<\/section>\n\t\t\t\t\t\t<\/div>\n\t\t\t\t\t<\/div>\n\t\t","protected":false},"excerpt":{"rendered":"<p>Qui sommes nous? L\u2019UNJPT, c\u2019est quoi au juste ? L\u2019Union Nationale des Jumelages Pour Tous est une association loi 1901 qui f\u00e9d\u00e8re les associations locales de jumelages avec leurs coll\u00e8gues europ\u00e9ens. H\u00e9riti\u00e8re d&#8217;une histoire commenc\u00e9e en 1959 entre deux postiers, l&#8217;un Fran\u00e7ais et l\u2019autre Allemand, l\u2019association a pour but essentiel de d\u00e9velopper et d\u2019approfondir les [&hellip;]<\/p>\n","protected":false},"author":1,"featured_media":0,"parent":0,"menu_order":0,"comment_status":"closed","ping_status":"closed","template":"elementor_header_footer","meta":{"footnotes":""},"class_list":["post-836","page","type-page","status-publish","hentry"],"yoast_head":"<!-- This site is optimized with the Yoast SEO plugin v25.3.1 - https:\/\/yoast.com\/wordpress\/plugins\/seo\/ -->\n<title>Pr\u00e9sentation - Union Jumelages<\/title>\n<meta name=\"robots\" content=\"index, follow, max-snippet:-1, max-image-preview:large, max-video-preview:-1\" \/>\n<link rel=\"canonical\" href=\"https:\/\/www.unionjumelages.com\/index.php\/presentation\/\" \/>\n<meta property=\"og:locale\" content=\"en_US\" \/>\n<meta property=\"og:type\" content=\"article\" \/>\n<meta property=\"og:title\" content=\"Pr\u00e9sentation - Union Jumelages\" \/>\n<meta property=\"og:description\" content=\"Qui sommes nous? L\u2019UNJPT, c\u2019est quoi au juste ? L\u2019Union Nationale des Jumelages Pour Tous est une association loi 1901 qui f\u00e9d\u00e8re les associations locales de jumelages avec leurs coll\u00e8gues europ\u00e9ens. H\u00e9riti\u00e8re d&#8217;une histoire commenc\u00e9e en 1959 entre deux postiers, l&#8217;un Fran\u00e7ais et l\u2019autre Allemand, l\u2019association a pour but essentiel de d\u00e9velopper et d\u2019approfondir les [&hellip;]\" \/>\n<meta property=\"og:url\" content=\"https:\/\/www.unionjumelages.com\/index.php\/presentation\/\" \/>\n<meta property=\"og:site_name\" content=\"Union Jumelages\" \/>\n<meta property=\"article:modified_time\" content=\"2024-06-05T13:19:14+00:00\" \/>\n<meta property=\"og:image\" content=\"https:\/\/www.unionjumelages.com\/wp-content\/uploads\/2021\/04\/flag-2608475_1920-1536x1024.jpg\" \/>\n<meta name=\"twitter:card\" content=\"summary_large_image\" \/>\n<meta name=\"twitter:label1\" content=\"Est. reading time\" \/>\n\t<meta name=\"twitter:data1\" content=\"2 minutes\" \/>\n<script type=\"application\/ld+json\" class=\"yoast-schema-graph\">{\"@context\":\"https:\/\/schema.org\",\"@graph\":[{\"@type\":\"WebPage\",\"@id\":\"https:\/\/www.unionjumelages.com\/index.php\/presentation\/\",\"url\":\"https:\/\/www.unionjumelages.com\/index.php\/presentation\/\",\"name\":\"Pr\u00e9sentation - Union Jumelages\",\"isPartOf\":{\"@id\":\"https:\/\/www.unionjumelages.com\/#website\"},\"primaryImageOfPage\":{\"@id\":\"https:\/\/www.unionjumelages.com\/index.php\/presentation\/#primaryimage\"},\"image\":{\"@id\":\"https:\/\/www.unionjumelages.com\/index.php\/presentation\/#primaryimage\"},\"thumbnailUrl\":\"https:\/\/www.unionjumelages.com\/wp-content\/uploads\/2021\/04\/flag-2608475_1920-1536x1024.jpg\",\"datePublished\":\"2021-03-18T15:14:58+00:00\",\"dateModified\":\"2024-06-05T13:19:14+00:00\",\"breadcrumb\":{\"@id\":\"https:\/\/www.unionjumelages.com\/index.php\/presentation\/#breadcrumb\"},\"inLanguage\":\"en-US\",\"potentialAction\":[{\"@type\":\"ReadAction\",\"target\":[\"https:\/\/www.unionjumelages.com\/index.php\/presentation\/\"]}]},{\"@type\":\"ImageObject\",\"inLanguage\":\"en-US\",\"@id\":\"https:\/\/www.unionjumelages.com\/index.php\/presentation\/#primaryimage\",\"url\":\"https:\/\/www.unionjumelages.com\/wp-content\/uploads\/2021\/04\/flag-2608475_1920.jpg\",\"contentUrl\":\"https:\/\/www.unionjumelages.com\/wp-content\/uploads\/2021\/04\/flag-2608475_1920.jpg\",\"width\":1920,\"height\":1280},{\"@type\":\"BreadcrumbList\",\"@id\":\"https:\/\/www.unionjumelages.com\/index.php\/presentation\/#breadcrumb\",\"itemListElement\":[{\"@type\":\"ListItem\",\"position\":1,\"name\":\"Accueil\",\"item\":\"https:\/\/www.unionjumelages.com\/\"},{\"@type\":\"ListItem\",\"position\":2,\"name\":\"Pr\u00e9sentation\"}]},{\"@type\":\"WebSite\",\"@id\":\"https:\/\/www.unionjumelages.com\/#website\",\"url\":\"https:\/\/www.unionjumelages.com\/\",\"name\":\"Union Jumelages\",\"description\":\"Un site utilisant WordPress\",\"publisher\":{\"@id\":\"https:\/\/www.unionjumelages.com\/#organization\"},\"potentialAction\":[{\"@type\":\"SearchAction\",\"target\":{\"@type\":\"EntryPoint\",\"urlTemplate\":\"https:\/\/www.unionjumelages.com\/?s={search_term_string}\"},\"query-input\":{\"@type\":\"PropertyValueSpecification\",\"valueRequired\":true,\"valueName\":\"search_term_string\"}}],\"inLanguage\":\"en-US\"},{\"@type\":\"Organization\",\"@id\":\"https:\/\/www.unionjumelages.com\/#organization\",\"name\":\"Union Jumelages\",\"url\":\"https:\/\/www.unionjumelages.com\/\",\"logo\":{\"@type\":\"ImageObject\",\"inLanguage\":\"en-US\",\"@id\":\"https:\/\/www.unionjumelages.com\/#\/schema\/logo\/image\/\",\"url\":\"https:\/\/www.unionjumelages.com\/wp-content\/uploads\/2021\/03\/cropped-union-jumelages.jpg\",\"contentUrl\":\"https:\/\/www.unionjumelages.com\/wp-content\/uploads\/2021\/03\/cropped-union-jumelages.jpg\",\"width\":113,\"height\":95,\"caption\":\"Union Jumelages\"},\"image\":{\"@id\":\"https:\/\/www.unionjumelages.com\/#\/schema\/logo\/image\/\"}}]}<\/script>\n<!-- \/ Yoast SEO plugin. -->","yoast_head_json":{"title":"Pr\u00e9sentation - Union Jumelages","robots":{"index":"index","follow":"follow","max-snippet":"max-snippet:-1","max-image-preview":"max-image-preview:large","max-video-preview":"max-video-preview:-1"},"canonical":"https:\/\/www.unionjumelages.com\/index.php\/presentation\/","og_locale":"en_US","og_type":"article","og_title":"Pr\u00e9sentation - Union Jumelages","og_description":"Qui sommes nous? L\u2019UNJPT, c\u2019est quoi au juste ? L\u2019Union Nationale des Jumelages Pour Tous est une association loi 1901 qui f\u00e9d\u00e8re les associations locales de jumelages avec leurs coll\u00e8gues europ\u00e9ens. H\u00e9riti\u00e8re d&#8217;une histoire commenc\u00e9e en 1959 entre deux postiers, l&#8217;un Fran\u00e7ais et l\u2019autre Allemand, l\u2019association a pour but essentiel de d\u00e9velopper et d\u2019approfondir les [&hellip;]","og_url":"https:\/\/www.unionjumelages.com\/index.php\/presentation\/","og_site_name":"Union Jumelages","article_modified_time":"2024-06-05T13:19:14+00:00","og_image":[{"url":"https:\/\/www.unionjumelages.com\/wp-content\/uploads\/2021\/04\/flag-2608475_1920-1536x1024.jpg","type":"","width":"","height":""}],"twitter_card":"summary_large_image","twitter_misc":{"Est. reading time":"2 minutes"},"schema":{"@context":"https:\/\/schema.org","@graph":[{"@type":"WebPage","@id":"https:\/\/www.unionjumelages.com\/index.php\/presentation\/","url":"https:\/\/www.unionjumelages.com\/index.php\/presentation\/","name":"Pr\u00e9sentation - Union Jumelages","isPartOf":{"@id":"https:\/\/www.unionjumelages.com\/#website"},"primaryImageOfPage":{"@id":"https:\/\/www.unionjumelages.com\/index.php\/presentation\/#primaryimage"},"image":{"@id":"https:\/\/www.unionjumelages.com\/index.php\/presentation\/#primaryimage"},"thumbnailUrl":"https:\/\/www.unionjumelages.com\/wp-content\/uploads\/2021\/04\/flag-2608475_1920-1536x1024.jpg","datePublished":"2021-03-18T15:14:58+00:00","dateModified":"2024-06-05T13:19:14+00:00","breadcrumb":{"@id":"https:\/\/www.unionjumelages.com\/index.php\/presentation\/#breadcrumb"},"inLanguage":"en-US","potentialAction":[{"@type":"ReadAction","target":["https:\/\/www.unionjumelages.com\/index.php\/presentation\/"]}]},{"@type":"ImageObject","inLanguage":"en-US","@id":"https:\/\/www.unionjumelages.com\/index.php\/presentation\/#primaryimage","url":"https:\/\/www.unionjumelages.com\/wp-content\/uploads\/2021\/04\/flag-2608475_1920.jpg","contentUrl":"https:\/\/www.unionjumelages.com\/wp-content\/uploads\/2021\/04\/flag-2608475_1920.jpg","width":1920,"height":1280},{"@type":"BreadcrumbList","@id":"https:\/\/www.unionjumelages.com\/index.php\/presentation\/#breadcrumb","itemListElement":[{"@type":"ListItem","position":1,"name":"Accueil","item":"https:\/\/www.unionjumelages.com\/"},{"@type":"ListItem","position":2,"name":"Pr\u00e9sentation"}]},{"@type":"WebSite","@id":"https:\/\/www.unionjumelages.com\/#website","url":"https:\/\/www.unionjumelages.com\/","name":"Union Jumelages","description":"Un site utilisant WordPress","publisher":{"@id":"https:\/\/www.unionjumelages.com\/#organization"},"potentialAction":[{"@type":"SearchAction","target":{"@type":"EntryPoint","urlTemplate":"https:\/\/www.unionjumelages.com\/?s={search_term_string}"},"query-input":{"@type":"PropertyValueSpecification","valueRequired":true,"valueName":"search_term_string"}}],"inLanguage":"en-US"},{"@type":"Organization","@id":"https:\/\/www.unionjumelages.com\/#organization","name":"Union Jumelages","url":"https:\/\/www.unionjumelages.com\/","logo":{"@type":"ImageObject","inLanguage":"en-US","@id":"https:\/\/www.unionjumelages.com\/#\/schema\/logo\/image\/","url":"https:\/\/www.unionjumelages.com\/wp-content\/uploads\/2021\/03\/cropped-union-jumelages.jpg","contentUrl":"https:\/\/www.unionjumelages.com\/wp-content\/uploads\/2021\/03\/cropped-union-jumelages.jpg","width":113,"height":95,"caption":"Union Jumelages"},"image":{"@id":"https:\/\/www.unionjumelages.com\/#\/schema\/logo\/image\/"}}]}},"_links":{"self":[{"href":"https:\/\/www.unionjumelages.com\/index.php\/wp-json\/wp\/v2\/pages\/836"}],"collection":[{"href":"https:\/\/www.unionjumelages.com\/index.php\/wp-json\/wp\/v2\/pages"}],"about":[{"href":"https:\/\/www.unionjumelages.com\/index.php\/wp-json\/wp\/v2\/types\/page"}],"author":[{"embeddable":true,"href":"https:\/\/www.unionjumelages.com\/index.php\/wp-json\/wp\/v2\/users\/1"}],"replies":[{"embeddable":true,"href":"https:\/\/www.unionjumelages.com\/index.php\/wp-json\/wp\/v2\/comments?post=836"}],"version-history":[{"count":64,"href":"https:\/\/www.unionjumelages.com\/index.php\/wp-json\/wp\/v2\/pages\/836\/revisions"}],"predecessor-version":[{"id":12045,"href":"https:\/\/www.unionjumelages.com\/index.php\/wp-json\/wp\/v2\/pages\/836\/revisions\/12045"}],"wp:attachment":[{"href":"https:\/\/www.unionjumelages.com\/index.php\/wp-json\/wp\/v2\/media?parent=836"}],"curies":[{"name":"wp","href":"https:\/\/api.w.org\/{rel}","templated":true}]}}