{"id":17531,"date":"2026-03-13T16:06:23","date_gmt":"2026-03-13T15:06:23","guid":{"rendered":"https:\/\/www.unionjumelages.com\/?page_id=17531"},"modified":"2026-03-13T16:12:08","modified_gmt":"2026-03-13T15:12:08","slug":"temoignages-saaveurs-du-languedoc","status":"publish","type":"page","link":"https:\/\/www.unionjumelages.com\/index.php\/temoignages-saaveurs-du-languedoc\/","title":{"rendered":"T\u00e9moignages Saveurs du Languedoc"},"content":{"rendered":"\t\t<div data-elementor-type=\"wp-page\" data-elementor-id=\"17531\" class=\"elementor elementor-17531\" data-elementor-settings=\"[]\">\n\t\t\t\t\t\t\t<div class=\"elementor-section-wrap\">\n\t\t\t\t\t\t\t<section class=\"elementor-section elementor-top-section elementor-element elementor-element-51e8e11 elementor-section-boxed elementor-section-height-default elementor-section-height-default\" data-id=\"51e8e11\" data-element_type=\"section\">\n\t\t\t\t\t\t<div class=\"elementor-container elementor-column-gap-default\">\n\t\t\t\t\t<div class=\"elementor-column elementor-col-100 elementor-top-column elementor-element elementor-element-0cc36c9\" data-id=\"0cc36c9\" data-element_type=\"column\">\n\t\t\t<div class=\"elementor-widget-wrap elementor-element-populated\">\n\t\t\t\t\t\t\t\t\t<\/div>\n\t\t<\/div>\n\t\t\t\t\t\t\t<\/div>\n\t\t<\/section>\n\t\t\t\t<section class=\"elementor-section elementor-top-section elementor-element elementor-element-af50c39 elementor-section-boxed elementor-section-height-default elementor-section-height-default\" data-id=\"af50c39\" data-element_type=\"section\">\n\t\t\t\t\t\t<div class=\"elementor-container elementor-column-gap-default\">\n\t\t\t\t\t<div class=\"elementor-column elementor-col-100 elementor-top-column elementor-element elementor-element-ee5f7fc\" data-id=\"ee5f7fc\" data-element_type=\"column\">\n\t\t\t<div class=\"elementor-widget-wrap elementor-element-populated\">\n\t\t\t\t\t\t\t\t<div class=\"elementor-element elementor-element-c84cf14 elementor-widget elementor-widget-text-editor\" data-id=\"c84cf14\" data-element_type=\"widget\" data-widget_type=\"text-editor.default\">\n\t\t\t\t<div class=\"elementor-widget-container\">\n\t\t\t\t\t\t\t<p>\u00a0<\/p><p>ANKE:<\/p><p>vielen Dank f\u00fcr die wunderbare Woche in Narbonne.\u00a0<\/p><p>\u00a0&#8220;Gemeinsam kochen, essen, lachen und wandern in der wundersch\u00f6nen Natur rund um Narbonne &#8211; mehr braucht es nicht, um froh zu sein.&#8221;<\/p><p>\u00a0<\/p><p>ANDREAS\u00a0:<\/p><p>notre guide Bernard \u00e9tait super<\/p><p>Un grand Merci \u00e0 Marie-H\u00e9l\u00e8ne and everybody who contributed to this marvellous international meeting!<\/p><p>Hopefully we\u2018ll see each other soon again!<\/p><p>Ganz herzliche Gr\u00fc\u00dfe an die ganze Gruppe<\/p><p>\u00a0<\/p><p>Josephine and I have arrived in Dublin and are on the bus to Galway now. We had a very enjoyable week in Narbonne and look forward to meeting you all again in the next Jumelages adventure. Merci Beaucoup Marie-Helene.<\/p><p>Au d\u00e9but, il a un peu plu et peu avant d&#8217;arriver \u00e0 la maison, il y avait un peu de brouillard. Sinon, il faisait beau et il n&#8217;y avait pas beaucoup de circulation. \u00c0 21h30, nous \u00e9tions de retour \u00e0 la maison. Il y a encore un peu de neige, ce qui contraste fortement avec Narbonne. Encore merci \u00e0 tous ceux qui on organis\u00e9 cet \u00e9v\u00e8nement<\/p><p>\u00a0<\/p><p>JUTTA\u00a0:<br \/>Quelques mots sur notre rencontre \u00e0 Narbonne. <br \/>C&#8217;\u00e9tait merveilleux et je me suis sentie tr\u00e8s \u00e0 l&#8217;aise avec tous les charmants amis der Jumelage, que j&#8217;ai rencontr\u00e9s. <br \/>Merci de m&#8217;avoir si chaleureusement accueillie dans votre groupe, o\u00f9 beaucoup d&#8217;entre se connaissaient d\u00e9j\u00e0. <br \/>Et biens\u00fbr un grand merci \u00e0 toi pour l&#8217;excellente organisation. <br \/>Ce fut une exp\u00e9rience vraiment unique: <br \/>le cours de cuisine, les repas partag\u00e9s, les excursions, les agr\u00e9ables soir\u00e9es pass\u00e9es ensemble et aussi l&#8217;organisation de la maison et le personnel accueillant.<br \/>Autant de merveilleux souvenirs. <br \/>Un grand merci encore \u00e0 Bernard\u00a0; il a \u00e9t\u00e9 un guide parfait. <br \/>J&#8217;esp\u00e8re que nous nous reverrons bient\u00f4t.<\/p><p><br \/><br \/><\/p>\t\t\t\t\t\t<\/div>\n\t\t\t\t<\/div>\n\t\t\t\t\t<\/div>\n\t\t<\/div>\n\t\t\t\t\t\t\t<\/div>\n\t\t<\/section>\n\t\t\t\t\t\t<\/div>\n\t\t\t\t\t<\/div>\n\t\t","protected":false},"excerpt":{"rendered":"<p>\u00a0 ANKE: vielen Dank f\u00fcr die wunderbare Woche in Narbonne.\u00a0 \u00a0&#8220;Gemeinsam kochen, essen, lachen und wandern in der wundersch\u00f6nen Natur rund um Narbonne &#8211; mehr braucht es nicht, um froh zu sein.&#8221; \u00a0 ANDREAS\u00a0: notre guide Bernard \u00e9tait super Un grand Merci \u00e0 Marie-H\u00e9l\u00e8ne and everybody who contributed to this marvellous international meeting! Hopefully we\u2018ll [&hellip;]<\/p>\n","protected":false},"author":1,"featured_media":0,"parent":0,"menu_order":0,"comment_status":"closed","ping_status":"closed","template":"","meta":{"footnotes":""},"class_list":["post-17531","page","type-page","status-publish","hentry"],"yoast_head":"<!-- This site is optimized with the Yoast SEO plugin v25.3.1 - https:\/\/yoast.com\/wordpress\/plugins\/seo\/ -->\n<title>T\u00e9moignages Saveurs du Languedoc - Union Jumelages<\/title>\n<meta name=\"robots\" content=\"index, follow, max-snippet:-1, max-image-preview:large, max-video-preview:-1\" \/>\n<link rel=\"canonical\" href=\"https:\/\/www.unionjumelages.com\/index.php\/temoignages-saaveurs-du-languedoc\/\" \/>\n<meta property=\"og:locale\" content=\"en_US\" \/>\n<meta property=\"og:type\" content=\"article\" \/>\n<meta property=\"og:title\" content=\"T\u00e9moignages Saveurs du Languedoc - Union Jumelages\" \/>\n<meta property=\"og:description\" content=\"\u00a0 ANKE: vielen Dank f\u00fcr die wunderbare Woche in Narbonne.\u00a0 \u00a0&#8220;Gemeinsam kochen, essen, lachen und wandern in der wundersch\u00f6nen Natur rund um Narbonne &#8211; mehr braucht es nicht, um froh zu sein.&#8221; \u00a0 ANDREAS\u00a0: notre guide Bernard \u00e9tait super Un grand Merci \u00e0 Marie-H\u00e9l\u00e8ne and everybody who contributed to this marvellous international meeting! Hopefully we\u2018ll [&hellip;]\" \/>\n<meta property=\"og:url\" content=\"https:\/\/www.unionjumelages.com\/index.php\/temoignages-saaveurs-du-languedoc\/\" \/>\n<meta property=\"og:site_name\" content=\"Union Jumelages\" \/>\n<meta property=\"article:modified_time\" content=\"2026-03-13T15:12:08+00:00\" \/>\n<meta name=\"twitter:card\" content=\"summary_large_image\" \/>\n<meta name=\"twitter:label1\" content=\"Est. reading time\" \/>\n\t<meta name=\"twitter:data1\" content=\"2 minutes\" \/>\n<script type=\"application\/ld+json\" class=\"yoast-schema-graph\">{\"@context\":\"https:\/\/schema.org\",\"@graph\":[{\"@type\":\"WebPage\",\"@id\":\"https:\/\/www.unionjumelages.com\/index.php\/temoignages-saaveurs-du-languedoc\/\",\"url\":\"https:\/\/www.unionjumelages.com\/index.php\/temoignages-saaveurs-du-languedoc\/\",\"name\":\"T\u00e9moignages Saveurs du Languedoc - Union Jumelages\",\"isPartOf\":{\"@id\":\"https:\/\/www.unionjumelages.com\/#website\"},\"datePublished\":\"2026-03-13T15:06:23+00:00\",\"dateModified\":\"2026-03-13T15:12:08+00:00\",\"breadcrumb\":{\"@id\":\"https:\/\/www.unionjumelages.com\/index.php\/temoignages-saaveurs-du-languedoc\/#breadcrumb\"},\"inLanguage\":\"en-US\",\"potentialAction\":[{\"@type\":\"ReadAction\",\"target\":[\"https:\/\/www.unionjumelages.com\/index.php\/temoignages-saaveurs-du-languedoc\/\"]}]},{\"@type\":\"BreadcrumbList\",\"@id\":\"https:\/\/www.unionjumelages.com\/index.php\/temoignages-saaveurs-du-languedoc\/#breadcrumb\",\"itemListElement\":[{\"@type\":\"ListItem\",\"position\":1,\"name\":\"Accueil\",\"item\":\"https:\/\/www.unionjumelages.com\/\"},{\"@type\":\"ListItem\",\"position\":2,\"name\":\"T\u00e9moignages Saveurs du Languedoc\"}]},{\"@type\":\"WebSite\",\"@id\":\"https:\/\/www.unionjumelages.com\/#website\",\"url\":\"https:\/\/www.unionjumelages.com\/\",\"name\":\"Union Jumelages\",\"description\":\"Un site utilisant WordPress\",\"publisher\":{\"@id\":\"https:\/\/www.unionjumelages.com\/#organization\"},\"potentialAction\":[{\"@type\":\"SearchAction\",\"target\":{\"@type\":\"EntryPoint\",\"urlTemplate\":\"https:\/\/www.unionjumelages.com\/?s={search_term_string}\"},\"query-input\":{\"@type\":\"PropertyValueSpecification\",\"valueRequired\":true,\"valueName\":\"search_term_string\"}}],\"inLanguage\":\"en-US\"},{\"@type\":\"Organization\",\"@id\":\"https:\/\/www.unionjumelages.com\/#organization\",\"name\":\"Union Jumelages\",\"url\":\"https:\/\/www.unionjumelages.com\/\",\"logo\":{\"@type\":\"ImageObject\",\"inLanguage\":\"en-US\",\"@id\":\"https:\/\/www.unionjumelages.com\/#\/schema\/logo\/image\/\",\"url\":\"https:\/\/www.unionjumelages.com\/wp-content\/uploads\/2021\/03\/cropped-union-jumelages.jpg\",\"contentUrl\":\"https:\/\/www.unionjumelages.com\/wp-content\/uploads\/2021\/03\/cropped-union-jumelages.jpg\",\"width\":113,\"height\":95,\"caption\":\"Union Jumelages\"},\"image\":{\"@id\":\"https:\/\/www.unionjumelages.com\/#\/schema\/logo\/image\/\"}}]}<\/script>\n<!-- \/ Yoast SEO plugin. -->","yoast_head_json":{"title":"T\u00e9moignages Saveurs du Languedoc - Union Jumelages","robots":{"index":"index","follow":"follow","max-snippet":"max-snippet:-1","max-image-preview":"max-image-preview:large","max-video-preview":"max-video-preview:-1"},"canonical":"https:\/\/www.unionjumelages.com\/index.php\/temoignages-saaveurs-du-languedoc\/","og_locale":"en_US","og_type":"article","og_title":"T\u00e9moignages Saveurs du Languedoc - Union Jumelages","og_description":"\u00a0 ANKE: vielen Dank f\u00fcr die wunderbare Woche in Narbonne.\u00a0 \u00a0&#8220;Gemeinsam kochen, essen, lachen und wandern in der wundersch\u00f6nen Natur rund um Narbonne &#8211; mehr braucht es nicht, um froh zu sein.&#8221; \u00a0 ANDREAS\u00a0: notre guide Bernard \u00e9tait super Un grand Merci \u00e0 Marie-H\u00e9l\u00e8ne and everybody who contributed to this marvellous international meeting! Hopefully we\u2018ll [&hellip;]","og_url":"https:\/\/www.unionjumelages.com\/index.php\/temoignages-saaveurs-du-languedoc\/","og_site_name":"Union Jumelages","article_modified_time":"2026-03-13T15:12:08+00:00","twitter_card":"summary_large_image","twitter_misc":{"Est. reading time":"2 minutes"},"schema":{"@context":"https:\/\/schema.org","@graph":[{"@type":"WebPage","@id":"https:\/\/www.unionjumelages.com\/index.php\/temoignages-saaveurs-du-languedoc\/","url":"https:\/\/www.unionjumelages.com\/index.php\/temoignages-saaveurs-du-languedoc\/","name":"T\u00e9moignages Saveurs du Languedoc - Union Jumelages","isPartOf":{"@id":"https:\/\/www.unionjumelages.com\/#website"},"datePublished":"2026-03-13T15:06:23+00:00","dateModified":"2026-03-13T15:12:08+00:00","breadcrumb":{"@id":"https:\/\/www.unionjumelages.com\/index.php\/temoignages-saaveurs-du-languedoc\/#breadcrumb"},"inLanguage":"en-US","potentialAction":[{"@type":"ReadAction","target":["https:\/\/www.unionjumelages.com\/index.php\/temoignages-saaveurs-du-languedoc\/"]}]},{"@type":"BreadcrumbList","@id":"https:\/\/www.unionjumelages.com\/index.php\/temoignages-saaveurs-du-languedoc\/#breadcrumb","itemListElement":[{"@type":"ListItem","position":1,"name":"Accueil","item":"https:\/\/www.unionjumelages.com\/"},{"@type":"ListItem","position":2,"name":"T\u00e9moignages Saveurs du Languedoc"}]},{"@type":"WebSite","@id":"https:\/\/www.unionjumelages.com\/#website","url":"https:\/\/www.unionjumelages.com\/","name":"Union Jumelages","description":"Un site utilisant WordPress","publisher":{"@id":"https:\/\/www.unionjumelages.com\/#organization"},"potentialAction":[{"@type":"SearchAction","target":{"@type":"EntryPoint","urlTemplate":"https:\/\/www.unionjumelages.com\/?s={search_term_string}"},"query-input":{"@type":"PropertyValueSpecification","valueRequired":true,"valueName":"search_term_string"}}],"inLanguage":"en-US"},{"@type":"Organization","@id":"https:\/\/www.unionjumelages.com\/#organization","name":"Union Jumelages","url":"https:\/\/www.unionjumelages.com\/","logo":{"@type":"ImageObject","inLanguage":"en-US","@id":"https:\/\/www.unionjumelages.com\/#\/schema\/logo\/image\/","url":"https:\/\/www.unionjumelages.com\/wp-content\/uploads\/2021\/03\/cropped-union-jumelages.jpg","contentUrl":"https:\/\/www.unionjumelages.com\/wp-content\/uploads\/2021\/03\/cropped-union-jumelages.jpg","width":113,"height":95,"caption":"Union Jumelages"},"image":{"@id":"https:\/\/www.unionjumelages.com\/#\/schema\/logo\/image\/"}}]}},"_links":{"self":[{"href":"https:\/\/www.unionjumelages.com\/index.php\/wp-json\/wp\/v2\/pages\/17531"}],"collection":[{"href":"https:\/\/www.unionjumelages.com\/index.php\/wp-json\/wp\/v2\/pages"}],"about":[{"href":"https:\/\/www.unionjumelages.com\/index.php\/wp-json\/wp\/v2\/types\/page"}],"author":[{"embeddable":true,"href":"https:\/\/www.unionjumelages.com\/index.php\/wp-json\/wp\/v2\/users\/1"}],"replies":[{"embeddable":true,"href":"https:\/\/www.unionjumelages.com\/index.php\/wp-json\/wp\/v2\/comments?post=17531"}],"version-history":[{"count":11,"href":"https:\/\/www.unionjumelages.com\/index.php\/wp-json\/wp\/v2\/pages\/17531\/revisions"}],"predecessor-version":[{"id":17546,"href":"https:\/\/www.unionjumelages.com\/index.php\/wp-json\/wp\/v2\/pages\/17531\/revisions\/17546"}],"wp:attachment":[{"href":"https:\/\/www.unionjumelages.com\/index.php\/wp-json\/wp\/v2\/media?parent=17531"}],"curies":[{"name":"wp","href":"https:\/\/api.w.org\/{rel}","templated":true}]}}