{"id":11739,"date":"2024-04-10T11:28:15","date_gmt":"2024-04-10T09:28:15","guid":{"rendered":"https:\/\/www.unionjumelages.com\/?page_id=11739"},"modified":"2024-04-10T13:07:42","modified_gmt":"2024-04-10T11:07:42","slug":"stages-en-entreprise-a-letranger","status":"publish","type":"page","link":"https:\/\/www.unionjumelages.com\/index.php\/stages-en-entreprise-a-letranger\/","title":{"rendered":"Stages en entreprise \u00e0 l&#8217;\u00e9tranger"},"content":{"rendered":"\t\t<div data-elementor-type=\"wp-page\" data-elementor-id=\"11739\" class=\"elementor elementor-11739\" data-elementor-settings=\"[]\">\n\t\t\t\t\t\t\t<div class=\"elementor-section-wrap\">\n\t\t\t\t\t\t\t<section class=\"elementor-section elementor-top-section elementor-element elementor-element-609d580 elementor-section-boxed elementor-section-height-default elementor-section-height-default\" data-id=\"609d580\" data-element_type=\"section\" data-settings=\"{&quot;background_background&quot;:&quot;classic&quot;}\">\n\t\t\t\t\t\t<div class=\"elementor-container elementor-column-gap-default\">\n\t\t\t\t\t<div class=\"elementor-column elementor-col-100 elementor-top-column elementor-element elementor-element-cac9af0\" data-id=\"cac9af0\" data-element_type=\"column\">\n\t\t\t<div class=\"elementor-widget-wrap elementor-element-populated\">\n\t\t\t\t\t\t\t\t<div class=\"elementor-element elementor-element-5831d7b elementor-widget elementor-widget-spacer\" data-id=\"5831d7b\" data-element_type=\"widget\" data-widget_type=\"spacer.default\">\n\t\t\t\t<div class=\"elementor-widget-container\">\n\t\t\t\t\t<div class=\"elementor-spacer\">\n\t\t\t<div class=\"elementor-spacer-inner\"><\/div>\n\t\t<\/div>\n\t\t\t\t<\/div>\n\t\t\t\t<\/div>\n\t\t\t\t<div class=\"elementor-element elementor-element-70922ef elementor-widget elementor-widget-heading\" data-id=\"70922ef\" data-element_type=\"widget\" data-widget_type=\"heading.default\">\n\t\t\t\t<div class=\"elementor-widget-container\">\n\t\t\t<h2 class=\"elementor-heading-title elementor-size-default\">Stages \u00e9tudiants \u00e0 l'\u00e9tranger<\/h2>\t\t<\/div>\n\t\t\t\t<\/div>\n\t\t\t\t<div class=\"elementor-element elementor-element-3f6e998 elementor-widget elementor-widget-spacer\" data-id=\"3f6e998\" data-element_type=\"widget\" data-widget_type=\"spacer.default\">\n\t\t\t\t<div class=\"elementor-widget-container\">\n\t\t\t\t\t<div class=\"elementor-spacer\">\n\t\t\t<div class=\"elementor-spacer-inner\"><\/div>\n\t\t<\/div>\n\t\t\t\t<\/div>\n\t\t\t\t<\/div>\n\t\t\t\t<div class=\"elementor-element elementor-element-da0b789 elementor-widget elementor-widget-text-editor\" data-id=\"da0b789\" data-element_type=\"widget\" data-widget_type=\"text-editor.default\">\n\t\t\t\t<div class=\"elementor-widget-container\">\n\t\t\t\t\t\t\t<p>Vos enfants \u00e9tudiants doivent effectuer un stage \u00e0 l&#8217;\u00e9tranger ? l&#8217;UNJPT propose toute l&#8217;ann\u00e9e des exp\u00e9riences professionnelles ou associatives \u00e0 Malte, Dublin,\u00a0 Birmingham, Leeds ou m\u00eame Londres, avec ou sans cours d&#8217;anglais selon les destinations<\/p><p>\u00a0<\/p><p>D\u00e9couvrez nos propositions ci-dessous:<\/p>\t\t\t\t\t\t<\/div>\n\t\t\t\t<\/div>\n\t\t\t\t<div class=\"elementor-element elementor-element-703cdd9 elementor-widget elementor-widget-button\" data-id=\"703cdd9\" data-element_type=\"widget\" data-widget_type=\"button.default\">\n\t\t\t\t<div class=\"elementor-widget-container\">\n\t\t\t\t\t<div class=\"elementor-button-wrapper\">\n\t\t\t<a href=\"https:\/\/www.unionjumelages.com\/index.php\/2023\/04\/22\/stage-en-entreprise-a-malte-2\/\" target=\"_blank\" class=\"elementor-button-link elementor-button elementor-size-sm\" role=\"button\">\n\t\t\t\t\t\t<span class=\"elementor-button-content-wrapper\">\n\t\t\t\t\t\t<span class=\"elementor-button-text\">Stage \u00e0 Malte -T\u00e9moignage<\/span>\n\t\t<\/span>\n\t\t\t\t\t<\/a>\n\t\t<\/div>\n\t\t\t\t<\/div>\n\t\t\t\t<\/div>\n\t\t\t\t<div class=\"elementor-element elementor-element-f175a39 elementor-widget elementor-widget-heading\" data-id=\"f175a39\" data-element_type=\"widget\" data-widget_type=\"heading.default\">\n\t\t\t\t<div class=\"elementor-widget-container\">\n\t\t\t<h2 class=\"elementor-heading-title elementor-size-default\">Nos offres de stages<\/h2>\t\t<\/div>\n\t\t\t\t<\/div>\n\t\t\t\t<div class=\"elementor-element elementor-element-80f2321 elementor-widget elementor-widget-spacer\" data-id=\"80f2321\" data-element_type=\"widget\" data-widget_type=\"spacer.default\">\n\t\t\t\t<div class=\"elementor-widget-container\">\n\t\t\t\t\t<div class=\"elementor-spacer\">\n\t\t\t<div class=\"elementor-spacer-inner\"><\/div>\n\t\t<\/div>\n\t\t\t\t<\/div>\n\t\t\t\t<\/div>\n\t\t\t\t\t<\/div>\n\t\t<\/div>\n\t\t\t\t\t\t\t<\/div>\n\t\t<\/section>\n\t\t\t\t<section class=\"elementor-section elementor-top-section elementor-element elementor-element-da9f87f elementor-section-boxed elementor-section-height-default elementor-section-height-default\" data-id=\"da9f87f\" data-element_type=\"section\">\n\t\t\t\t\t\t<div class=\"elementor-container elementor-column-gap-default\">\n\t\t\t\t\t<div class=\"elementor-column elementor-col-100 elementor-top-column elementor-element elementor-element-dc3485a\" data-id=\"dc3485a\" data-element_type=\"column\">\n\t\t\t<div class=\"elementor-widget-wrap elementor-element-populated\">\n\t\t\t\t\t\t\t\t<div class=\"elementor-element elementor-element-074651d elementor-grid-2 elementor-grid-tablet-2 elementor-grid-mobile-1 elementor-posts--thumbnail-top elementor-widget elementor-widget-posts\" data-id=\"074651d\" data-element_type=\"widget\" data-settings=\"{&quot;classic_columns&quot;:&quot;2&quot;,&quot;classic_columns_tablet&quot;:&quot;2&quot;,&quot;classic_columns_mobile&quot;:&quot;1&quot;,&quot;classic_row_gap&quot;:{&quot;unit&quot;:&quot;px&quot;,&quot;size&quot;:35,&quot;sizes&quot;:[]}}\" data-widget_type=\"posts.classic\">\n\t\t\t\t<div class=\"elementor-widget-container\">\n\t\t\t\t\t<div class=\"elementor-posts-container elementor-posts elementor-posts--skin-classic elementor-grid\">\n\t\t\t\t<article class=\"elementor-post elementor-grid-item post-10296 post type-post status-publish format-standard has-post-thumbnail hentry category-stages\">\n\t\t\t\t<a class=\"elementor-post__thumbnail__link\" href=\"https:\/\/www.unionjumelages.com\/index.php\/2023\/05\/17\/stage-en-entreprise-a-malte\/\" target=\"_blank\">\n\t\t\t<div class=\"elementor-post__thumbnail\"><img loading=\"lazy\" decoding=\"async\" width=\"461\" height=\"1024\" src=\"https:\/\/www.unionjumelages.com\/wp-content\/uploads\/2021\/12\/1682882641245-461x1024.jpg\" class=\"attachment-large size-large\" alt=\"\" srcset=\"https:\/\/www.unionjumelages.com\/wp-content\/uploads\/2021\/12\/1682882641245-461x1024.jpg 461w, https:\/\/www.unionjumelages.com\/wp-content\/uploads\/2021\/12\/1682882641245-135x300.jpg 135w, https:\/\/www.unionjumelages.com\/wp-content\/uploads\/2021\/12\/1682882641245-768x1707.jpg 768w, https:\/\/www.unionjumelages.com\/wp-content\/uploads\/2021\/12\/1682882641245-691x1536.jpg 691w, https:\/\/www.unionjumelages.com\/wp-content\/uploads\/2021\/12\/1682882641245-922x2048.jpg 922w, https:\/\/www.unionjumelages.com\/wp-content\/uploads\/2021\/12\/1682882641245-scaled.jpg 1152w\" sizes=\"(max-width: 461px) 100vw, 461px\" \/><\/div>\n\t\t<\/a>\n\t\t\t\t<div class=\"elementor-post__text\">\n\t\t\t\t<h3 class=\"elementor-post__title\">\n\t\t\t<a href=\"https:\/\/www.unionjumelages.com\/index.php\/2023\/05\/17\/stage-en-entreprise-a-malte\/\" target=\"_blank\">\n\t\t\t\tStage en entreprise \u00e0 Malte\t\t\t<\/a>\n\t\t<\/h3>\n\t\t\t\t<div class=\"elementor-post__excerpt\">\n\t\t\t<p>Boostez votre CV au soleil<\/p>\n\t\t<\/div>\n\t\t\t\t\t<a class=\"elementor-post__read-more\" href=\"https:\/\/www.unionjumelages.com\/index.php\/2023\/05\/17\/stage-en-entreprise-a-malte\/\" target=\"_blank\">\n\t\t\t\tLire la suite\t\t\t<\/a>\n\t\t\t\t<\/div>\n\t\t\t\t<\/article>\n\t\t\t\t<article class=\"elementor-post elementor-grid-item post-10404 post type-post status-publish format-standard has-post-thumbnail hentry category-stages\">\n\t\t\t\t<a class=\"elementor-post__thumbnail__link\" href=\"https:\/\/www.unionjumelages.com\/index.php\/2024\/09\/22\/stage-en-commerces-a-dublin\/\" target=\"_blank\">\n\t\t\t<div class=\"elementor-post__thumbnail\"><img loading=\"lazy\" decoding=\"async\" width=\"800\" height=\"360\" src=\"https:\/\/www.unionjumelages.com\/wp-content\/uploads\/2023\/10\/1697184000119-002-1024x461.jpg\" class=\"attachment-large size-large\" alt=\"\" srcset=\"https:\/\/www.unionjumelages.com\/wp-content\/uploads\/2023\/10\/1697184000119-002-1024x461.jpg 1024w, https:\/\/www.unionjumelages.com\/wp-content\/uploads\/2023\/10\/1697184000119-002-300x135.jpg 300w, https:\/\/www.unionjumelages.com\/wp-content\/uploads\/2023\/10\/1697184000119-002-768x346.jpg 768w, https:\/\/www.unionjumelages.com\/wp-content\/uploads\/2023\/10\/1697184000119-002-1536x691.jpg 1536w, https:\/\/www.unionjumelages.com\/wp-content\/uploads\/2023\/10\/1697184000119-002-2048x922.jpg 2048w\" sizes=\"(max-width: 800px) 100vw, 800px\" \/><\/div>\n\t\t<\/a>\n\t\t\t\t<div class=\"elementor-post__text\">\n\t\t\t\t<h3 class=\"elementor-post__title\">\n\t\t\t<a href=\"https:\/\/www.unionjumelages.com\/index.php\/2024\/09\/22\/stage-en-commerces-a-dublin\/\" target=\"_blank\">\n\t\t\t\tStage en commerces \u00e0 Dublin\t\t\t<\/a>\n\t\t<\/h3>\n\t\t\t\t<div class=\"elementor-post__excerpt\">\n\t\t\t<p>Perfectionnez votre anglais en travaillant \u00e0 Dublin<\/p>\n\t\t<\/div>\n\t\t\t\t\t<a class=\"elementor-post__read-more\" href=\"https:\/\/www.unionjumelages.com\/index.php\/2024\/09\/22\/stage-en-commerces-a-dublin\/\" target=\"_blank\">\n\t\t\t\tLire la suite\t\t\t<\/a>\n\t\t\t\t<\/div>\n\t\t\t\t<\/article>\n\t\t\t\t<article class=\"elementor-post elementor-grid-item post-3754 post type-post status-publish format-standard has-post-thumbnail hentry category-stages\">\n\t\t\t\t<a class=\"elementor-post__thumbnail__link\" href=\"https:\/\/www.unionjumelages.com\/index.php\/2023\/05\/10\/stages-en-angleterre\/\" target=\"_blank\">\n\t\t\t<div class=\"elementor-post__thumbnail\"><img loading=\"lazy\" decoding=\"async\" width=\"800\" height=\"450\" src=\"https:\/\/www.unionjumelages.com\/wp-content\/uploads\/2023\/05\/Leeds-Campus-Outdoors-June-21-9-scaled-1-1024x576.jpg\" class=\"attachment-large size-large\" alt=\"\" srcset=\"https:\/\/www.unionjumelages.com\/wp-content\/uploads\/2023\/05\/Leeds-Campus-Outdoors-June-21-9-scaled-1-1024x576.jpg 1024w, https:\/\/www.unionjumelages.com\/wp-content\/uploads\/2023\/05\/Leeds-Campus-Outdoors-June-21-9-scaled-1-300x169.jpg 300w, https:\/\/www.unionjumelages.com\/wp-content\/uploads\/2023\/05\/Leeds-Campus-Outdoors-June-21-9-scaled-1-768x432.jpg 768w, https:\/\/www.unionjumelages.com\/wp-content\/uploads\/2023\/05\/Leeds-Campus-Outdoors-June-21-9-scaled-1-1536x864.jpg 1536w, https:\/\/www.unionjumelages.com\/wp-content\/uploads\/2023\/05\/Leeds-Campus-Outdoors-June-21-9-scaled-1.jpg 1920w\" sizes=\"(max-width: 800px) 100vw, 800px\" \/><\/div>\n\t\t<\/a>\n\t\t\t\t<div class=\"elementor-post__text\">\n\t\t\t\t<h3 class=\"elementor-post__title\">\n\t\t\t<a href=\"https:\/\/www.unionjumelages.com\/index.php\/2023\/05\/10\/stages-en-angleterre\/\" target=\"_blank\">\n\t\t\t\tB\u00e9n\u00e9volat et cours d&#8217;anglais en Angleterre\t\t\t<\/a>\n\t\t<\/h3>\n\t\t\t\t<div class=\"elementor-post__excerpt\">\n\t\t\t<p>Apprendre en se rendant utile<\/p>\n\t\t<\/div>\n\t\t\t\t\t<a class=\"elementor-post__read-more\" href=\"https:\/\/www.unionjumelages.com\/index.php\/2023\/05\/10\/stages-en-angleterre\/\" target=\"_blank\">\n\t\t\t\tLire la suite\t\t\t<\/a>\n\t\t\t\t<\/div>\n\t\t\t\t<\/article>\n\t\t\t\t<\/div>\n\t\t\t\t<\/div>\n\t\t\t\t<\/div>\n\t\t\t\t\t<\/div>\n\t\t<\/div>\n\t\t\t\t\t\t\t<\/div>\n\t\t<\/section>\n\t\t\t\t\t\t<\/div>\n\t\t\t\t\t<\/div>\n\t\t","protected":false},"excerpt":{"rendered":"<p>Stages \u00e9tudiants \u00e0 l&#8217;\u00e9tranger Vos enfants \u00e9tudiants doivent effectuer un stage \u00e0 l&#8217;\u00e9tranger ? l&#8217;UNJPT propose toute l&#8217;ann\u00e9e des exp\u00e9riences professionnelles ou associatives \u00e0 Malte, Dublin,\u00a0 Birmingham, Leeds ou m\u00eame Londres, avec ou sans cours d&#8217;anglais selon les destinations \u00a0 D\u00e9couvrez nos propositions ci-dessous: Stage \u00e0 Malte -T\u00e9moignage Nos offres de stages<\/p>\n","protected":false},"author":1,"featured_media":0,"parent":0,"menu_order":0,"comment_status":"closed","ping_status":"closed","template":"elementor_header_footer","meta":{"footnotes":""},"class_list":["post-11739","page","type-page","status-publish","hentry"],"yoast_head":"<!-- This site is optimized with the Yoast SEO plugin v25.3.1 - https:\/\/yoast.com\/wordpress\/plugins\/seo\/ -->\n<title>Stages en entreprise \u00e0 l&#039;\u00e9tranger - Union Jumelages<\/title>\n<meta name=\"robots\" content=\"index, follow, max-snippet:-1, max-image-preview:large, max-video-preview:-1\" \/>\n<link rel=\"canonical\" href=\"https:\/\/www.unionjumelages.com\/index.php\/stages-en-entreprise-a-letranger\/\" \/>\n<meta property=\"og:locale\" content=\"en_US\" \/>\n<meta property=\"og:type\" content=\"article\" \/>\n<meta property=\"og:title\" content=\"Stages en entreprise \u00e0 l&#039;\u00e9tranger - Union Jumelages\" \/>\n<meta property=\"og:description\" content=\"Stages \u00e9tudiants \u00e0 l&#8217;\u00e9tranger Vos enfants \u00e9tudiants doivent effectuer un stage \u00e0 l&#8217;\u00e9tranger ? l&#8217;UNJPT propose toute l&#8217;ann\u00e9e des exp\u00e9riences professionnelles ou associatives \u00e0 Malte, Dublin,\u00a0 Birmingham, Leeds ou m\u00eame Londres, avec ou sans cours d&#8217;anglais selon les destinations \u00a0 D\u00e9couvrez nos propositions ci-dessous: Stage \u00e0 Malte -T\u00e9moignage Nos offres de stages\" \/>\n<meta property=\"og:url\" content=\"https:\/\/www.unionjumelages.com\/index.php\/stages-en-entreprise-a-letranger\/\" \/>\n<meta property=\"og:site_name\" content=\"Union Jumelages\" \/>\n<meta property=\"article:modified_time\" content=\"2024-04-10T11:07:42+00:00\" \/>\n<meta name=\"twitter:card\" content=\"summary_large_image\" \/>\n<meta name=\"twitter:label1\" content=\"Est. reading time\" \/>\n\t<meta name=\"twitter:data1\" content=\"2 minutes\" \/>\n<script type=\"application\/ld+json\" class=\"yoast-schema-graph\">{\"@context\":\"https:\/\/schema.org\",\"@graph\":[{\"@type\":\"WebPage\",\"@id\":\"https:\/\/www.unionjumelages.com\/index.php\/stages-en-entreprise-a-letranger\/\",\"url\":\"https:\/\/www.unionjumelages.com\/index.php\/stages-en-entreprise-a-letranger\/\",\"name\":\"Stages en entreprise \u00e0 l'\u00e9tranger - Union Jumelages\",\"isPartOf\":{\"@id\":\"https:\/\/www.unionjumelages.com\/#website\"},\"datePublished\":\"2024-04-10T09:28:15+00:00\",\"dateModified\":\"2024-04-10T11:07:42+00:00\",\"breadcrumb\":{\"@id\":\"https:\/\/www.unionjumelages.com\/index.php\/stages-en-entreprise-a-letranger\/#breadcrumb\"},\"inLanguage\":\"en-US\",\"potentialAction\":[{\"@type\":\"ReadAction\",\"target\":[\"https:\/\/www.unionjumelages.com\/index.php\/stages-en-entreprise-a-letranger\/\"]}]},{\"@type\":\"BreadcrumbList\",\"@id\":\"https:\/\/www.unionjumelages.com\/index.php\/stages-en-entreprise-a-letranger\/#breadcrumb\",\"itemListElement\":[{\"@type\":\"ListItem\",\"position\":1,\"name\":\"Accueil\",\"item\":\"https:\/\/www.unionjumelages.com\/\"},{\"@type\":\"ListItem\",\"position\":2,\"name\":\"Stages en entreprise \u00e0 l&#8217;\u00e9tranger\"}]},{\"@type\":\"WebSite\",\"@id\":\"https:\/\/www.unionjumelages.com\/#website\",\"url\":\"https:\/\/www.unionjumelages.com\/\",\"name\":\"Union Jumelages\",\"description\":\"Un site utilisant WordPress\",\"publisher\":{\"@id\":\"https:\/\/www.unionjumelages.com\/#organization\"},\"potentialAction\":[{\"@type\":\"SearchAction\",\"target\":{\"@type\":\"EntryPoint\",\"urlTemplate\":\"https:\/\/www.unionjumelages.com\/?s={search_term_string}\"},\"query-input\":{\"@type\":\"PropertyValueSpecification\",\"valueRequired\":true,\"valueName\":\"search_term_string\"}}],\"inLanguage\":\"en-US\"},{\"@type\":\"Organization\",\"@id\":\"https:\/\/www.unionjumelages.com\/#organization\",\"name\":\"Union Jumelages\",\"url\":\"https:\/\/www.unionjumelages.com\/\",\"logo\":{\"@type\":\"ImageObject\",\"inLanguage\":\"en-US\",\"@id\":\"https:\/\/www.unionjumelages.com\/#\/schema\/logo\/image\/\",\"url\":\"https:\/\/www.unionjumelages.com\/wp-content\/uploads\/2021\/03\/cropped-union-jumelages.jpg\",\"contentUrl\":\"https:\/\/www.unionjumelages.com\/wp-content\/uploads\/2021\/03\/cropped-union-jumelages.jpg\",\"width\":113,\"height\":95,\"caption\":\"Union Jumelages\"},\"image\":{\"@id\":\"https:\/\/www.unionjumelages.com\/#\/schema\/logo\/image\/\"}}]}<\/script>\n<!-- \/ Yoast SEO plugin. -->","yoast_head_json":{"title":"Stages en entreprise \u00e0 l'\u00e9tranger - Union Jumelages","robots":{"index":"index","follow":"follow","max-snippet":"max-snippet:-1","max-image-preview":"max-image-preview:large","max-video-preview":"max-video-preview:-1"},"canonical":"https:\/\/www.unionjumelages.com\/index.php\/stages-en-entreprise-a-letranger\/","og_locale":"en_US","og_type":"article","og_title":"Stages en entreprise \u00e0 l'\u00e9tranger - Union Jumelages","og_description":"Stages \u00e9tudiants \u00e0 l&#8217;\u00e9tranger Vos enfants \u00e9tudiants doivent effectuer un stage \u00e0 l&#8217;\u00e9tranger ? l&#8217;UNJPT propose toute l&#8217;ann\u00e9e des exp\u00e9riences professionnelles ou associatives \u00e0 Malte, Dublin,\u00a0 Birmingham, Leeds ou m\u00eame Londres, avec ou sans cours d&#8217;anglais selon les destinations \u00a0 D\u00e9couvrez nos propositions ci-dessous: Stage \u00e0 Malte -T\u00e9moignage Nos offres de stages","og_url":"https:\/\/www.unionjumelages.com\/index.php\/stages-en-entreprise-a-letranger\/","og_site_name":"Union Jumelages","article_modified_time":"2024-04-10T11:07:42+00:00","twitter_card":"summary_large_image","twitter_misc":{"Est. reading time":"2 minutes"},"schema":{"@context":"https:\/\/schema.org","@graph":[{"@type":"WebPage","@id":"https:\/\/www.unionjumelages.com\/index.php\/stages-en-entreprise-a-letranger\/","url":"https:\/\/www.unionjumelages.com\/index.php\/stages-en-entreprise-a-letranger\/","name":"Stages en entreprise \u00e0 l'\u00e9tranger - Union Jumelages","isPartOf":{"@id":"https:\/\/www.unionjumelages.com\/#website"},"datePublished":"2024-04-10T09:28:15+00:00","dateModified":"2024-04-10T11:07:42+00:00","breadcrumb":{"@id":"https:\/\/www.unionjumelages.com\/index.php\/stages-en-entreprise-a-letranger\/#breadcrumb"},"inLanguage":"en-US","potentialAction":[{"@type":"ReadAction","target":["https:\/\/www.unionjumelages.com\/index.php\/stages-en-entreprise-a-letranger\/"]}]},{"@type":"BreadcrumbList","@id":"https:\/\/www.unionjumelages.com\/index.php\/stages-en-entreprise-a-letranger\/#breadcrumb","itemListElement":[{"@type":"ListItem","position":1,"name":"Accueil","item":"https:\/\/www.unionjumelages.com\/"},{"@type":"ListItem","position":2,"name":"Stages en entreprise \u00e0 l&#8217;\u00e9tranger"}]},{"@type":"WebSite","@id":"https:\/\/www.unionjumelages.com\/#website","url":"https:\/\/www.unionjumelages.com\/","name":"Union Jumelages","description":"Un site utilisant WordPress","publisher":{"@id":"https:\/\/www.unionjumelages.com\/#organization"},"potentialAction":[{"@type":"SearchAction","target":{"@type":"EntryPoint","urlTemplate":"https:\/\/www.unionjumelages.com\/?s={search_term_string}"},"query-input":{"@type":"PropertyValueSpecification","valueRequired":true,"valueName":"search_term_string"}}],"inLanguage":"en-US"},{"@type":"Organization","@id":"https:\/\/www.unionjumelages.com\/#organization","name":"Union Jumelages","url":"https:\/\/www.unionjumelages.com\/","logo":{"@type":"ImageObject","inLanguage":"en-US","@id":"https:\/\/www.unionjumelages.com\/#\/schema\/logo\/image\/","url":"https:\/\/www.unionjumelages.com\/wp-content\/uploads\/2021\/03\/cropped-union-jumelages.jpg","contentUrl":"https:\/\/www.unionjumelages.com\/wp-content\/uploads\/2021\/03\/cropped-union-jumelages.jpg","width":113,"height":95,"caption":"Union Jumelages"},"image":{"@id":"https:\/\/www.unionjumelages.com\/#\/schema\/logo\/image\/"}}]}},"_links":{"self":[{"href":"https:\/\/www.unionjumelages.com\/index.php\/wp-json\/wp\/v2\/pages\/11739"}],"collection":[{"href":"https:\/\/www.unionjumelages.com\/index.php\/wp-json\/wp\/v2\/pages"}],"about":[{"href":"https:\/\/www.unionjumelages.com\/index.php\/wp-json\/wp\/v2\/types\/page"}],"author":[{"embeddable":true,"href":"https:\/\/www.unionjumelages.com\/index.php\/wp-json\/wp\/v2\/users\/1"}],"replies":[{"embeddable":true,"href":"https:\/\/www.unionjumelages.com\/index.php\/wp-json\/wp\/v2\/comments?post=11739"}],"version-history":[{"count":13,"href":"https:\/\/www.unionjumelages.com\/index.php\/wp-json\/wp\/v2\/pages\/11739\/revisions"}],"predecessor-version":[{"id":11820,"href":"https:\/\/www.unionjumelages.com\/index.php\/wp-json\/wp\/v2\/pages\/11739\/revisions\/11820"}],"wp:attachment":[{"href":"https:\/\/www.unionjumelages.com\/index.php\/wp-json\/wp\/v2\/media?parent=11739"}],"curies":[{"name":"wp","href":"https:\/\/api.w.org\/{rel}","templated":true}]}}