{"id":1082,"date":"2021-03-19T14:28:12","date_gmt":"2021-03-19T13:28:12","guid":{"rendered":"https:\/\/www.unionjumelages.com\/?page_id=1082"},"modified":"2021-03-23T12:40:26","modified_gmt":"2021-03-23T11:40:26","slug":"mentions-legales","status":"publish","type":"page","link":"https:\/\/www.unionjumelages.com\/index.php\/mentions-legales\/","title":{"rendered":"Mentions l\u00e9gales"},"content":{"rendered":"\t\t<div data-elementor-type=\"wp-page\" data-elementor-id=\"1082\" class=\"elementor elementor-1082\" data-elementor-settings=\"[]\">\n\t\t\t\t\t\t\t<div class=\"elementor-section-wrap\">\n\t\t\t\t\t\t\t<section class=\"elementor-section elementor-top-section elementor-element elementor-element-f183410 elementor-section-boxed elementor-section-height-default elementor-section-height-default\" data-id=\"f183410\" data-element_type=\"section\">\n\t\t\t\t\t\t<div class=\"elementor-container elementor-column-gap-default\">\n\t\t\t\t\t<div class=\"elementor-column elementor-col-100 elementor-top-column elementor-element elementor-element-ec9efde\" data-id=\"ec9efde\" data-element_type=\"column\">\n\t\t\t<div class=\"elementor-widget-wrap elementor-element-populated\">\n\t\t\t\t\t\t\t\t<div class=\"elementor-element elementor-element-fd0e4ac elementor-widget elementor-widget-spacer\" data-id=\"fd0e4ac\" data-element_type=\"widget\" data-widget_type=\"spacer.default\">\n\t\t\t\t<div class=\"elementor-widget-container\">\n\t\t\t\t\t<div class=\"elementor-spacer\">\n\t\t\t<div class=\"elementor-spacer-inner\"><\/div>\n\t\t<\/div>\n\t\t\t\t<\/div>\n\t\t\t\t<\/div>\n\t\t\t\t<div class=\"elementor-element elementor-element-730b957 elementor-widget elementor-widget-heading\" data-id=\"730b957\" data-element_type=\"widget\" data-widget_type=\"heading.default\">\n\t\t\t\t<div class=\"elementor-widget-container\">\n\t\t\t<h2 class=\"elementor-heading-title elementor-size-default\">Mentions l\u00e9gales<\/h2>\t\t<\/div>\n\t\t\t\t<\/div>\n\t\t\t\t<div class=\"elementor-element elementor-element-66162d9 elementor-widget elementor-widget-spacer\" data-id=\"66162d9\" data-element_type=\"widget\" data-widget_type=\"spacer.default\">\n\t\t\t\t<div class=\"elementor-widget-container\">\n\t\t\t\t\t<div class=\"elementor-spacer\">\n\t\t\t<div class=\"elementor-spacer-inner\"><\/div>\n\t\t<\/div>\n\t\t\t\t<\/div>\n\t\t\t\t<\/div>\n\t\t\t\t\t<\/div>\n\t\t<\/div>\n\t\t\t\t\t\t\t<\/div>\n\t\t<\/section>\n\t\t\t\t<section class=\"elementor-section elementor-top-section elementor-element elementor-element-57894ca elementor-section-boxed elementor-section-height-default elementor-section-height-default\" data-id=\"57894ca\" data-element_type=\"section\">\n\t\t\t\t\t\t<div class=\"elementor-container elementor-column-gap-default\">\n\t\t\t\t\t<div class=\"elementor-column elementor-col-100 elementor-top-column elementor-element elementor-element-9eb4483\" data-id=\"9eb4483\" data-element_type=\"column\">\n\t\t\t<div class=\"elementor-widget-wrap elementor-element-populated\">\n\t\t\t\t\t\t\t\t<div class=\"elementor-element elementor-element-6d4345b elementor-widget elementor-widget-text-editor\" data-id=\"6d4345b\" data-element_type=\"widget\" data-widget_type=\"text-editor.default\">\n\t\t\t\t<div class=\"elementor-widget-container\">\n\t\t\t\t\t\t\t<p>L\u2019ensemble des informations figurant sur ce site n\u2019ont aucun caract\u00e8re contractuel et ne sauraient engager la responsabilit\u00e9 de l\u2019UNJPT. Nous sommes libres de cr\u00e9er, modifier et supprimer tout contenu de ce site.<\/p><p>L\u2019utilisation des informations contenues sur le pr\u00e9sent site rel\u00e8ve de la seule responsabilit\u00e9 de son utilisateur. Toutes les ressources et fichiers contenus sur ce site, textes, photos, images, illustrations sont communiqu\u00e9s \u00e0 titre purement informatif et ne peuvent en rien engager la responsabilit\u00e9 de l\u2019\u00e9diteur. Malgr\u00e9 la volont\u00e9 de l\u2019UNJPT d\u2019apporter les informations les plus exactes possibles et d\u2019assurer une mise \u00e0 jour r\u00e9guli\u00e8re du pr\u00e9sent site web, celui-ci n\u2019est pas responsable d\u2019impr\u00e9cisions, d\u2019inexactitudes, d\u2019erreurs ou de possibles omissions portant sur des informations contenues sur le site ni des r\u00e9sultats obtenus par l\u2019utilisation et la pratique des informations d\u00e9livr\u00e9es sur ce vecteur de communication.<br \/>Protection de la vie priv\u00e9e<\/p><p>Conform\u00e9ment \u00e0 l\u2019article 34 de la Loi \u2018Informatique et Libert\u00e9s\u2019 n\u00b0 78-17 du 6 janvier 1978, vous disposez d\u2019un droit d\u2019acc\u00e8s, de modification, de rectification et de suppression des donn\u00e9es vous concernant. Pour exercer ce droit, adressez simplement un courrier \u00e0 :<\/p><p>UNJPT, M. Michel Morel<\/p><p>Pour plus d\u2019informations sur la loi \u00ab Informatique et Libert\u00e9s \u00bb, vous pouvez consulter le site Internet de la CNIL.<br \/>Transmission des donn\u00e9es<\/p><p>Les coordonn\u00e9es collect\u00e9es via notre site internet et par t\u00e9l\u00e9phone demeurent dans les fichiers personnels de l\u2019UNJPT.<\/p><p>Ces informations pourront \u00eatre communiqu\u00e9es \u00e0 des entreprises prestataires de services dans le cadre de l\u2019ex\u00e9cution de t\u00e2ches pour le compte de l\u2019UNJPT.<\/p><p>l\u2019UNJPT peut \u00eatre amen\u00e9e \u00e0 adresser par e-mail des lettres d\u2019information ponctuelles ou newsletters sur l\u2019actualit\u00e9 de l\u2019UNJPT, des compte-rendus administratifs, des r\u00e9sum\u00e9s de voyages ou tout sujet li\u00e9.<\/p><p>Chaque inscrit pourra demander sa d\u00e9sincription \u00e0 cette liste de diffusion en envoyant un e-mail \u00e0 morel.m@laposte.net sans que l\u2019UNJPT ne puisse demander une justification de ce retrait.<\/p><p>Propri\u00e9t\u00e9 intellectuelle<\/p><p>Tous les \u00e9l\u00e9ments textes, logo, photos pr\u00e9sents sur ce site sont la propri\u00e9t\u00e9 de l\u2019UNJPT ou de ses partenaires. Le contenu textuel de ce site est \u00e9dit\u00e9, publi\u00e9 et appartient \u00e0 l\u2019UNJPT.<br \/>Conform\u00e9ment au code de la Propri\u00e9t\u00e9 Intellectuelle et \u00e0 tous les accords comportant des dispositions relatives au droit d\u2019auteur, la reproduction partielle ou totale de textes, d\u2019images ou d\u2019illustrations non destin\u00e9es explicitement \u00e0 \u00eatre t\u00e9l\u00e9charg\u00e9es par les visiteurs, sont interdites sans autorisation pr\u00e9alable de l\u2019\u00e9diteur ou de tout ayant-droit.<br \/>Implantation<\/p><p>UNJPT : M. Michel MOREL<\/p><p>T\u00e9l : 06 85 54 47 65<\/p><p>Email : morel.m@laposte.net<\/p><p>Site : https:\/\/www.unionjumelages.com<br \/>Forme juridique<\/p><p>H\u00e9bergement<\/p><p>OVH 2 rue Kellermann 59100 Roubaix \u2013 France<\/p>\t\t\t\t\t\t<\/div>\n\t\t\t\t<\/div>\n\t\t\t\t\t<\/div>\n\t\t<\/div>\n\t\t\t\t\t\t\t<\/div>\n\t\t<\/section>\n\t\t\t\t\t\t<\/div>\n\t\t\t\t\t<\/div>\n\t\t","protected":false},"excerpt":{"rendered":"<p>Mentions l\u00e9gales L\u2019ensemble des informations figurant sur ce site n\u2019ont aucun caract\u00e8re contractuel et ne sauraient engager la responsabilit\u00e9 de l\u2019UNJPT. Nous sommes libres de cr\u00e9er, modifier et supprimer tout contenu de ce site. L\u2019utilisation des informations contenues sur le pr\u00e9sent site rel\u00e8ve de la seule responsabilit\u00e9 de son utilisateur. Toutes les ressources et fichiers [&hellip;]<\/p>\n","protected":false},"author":1,"featured_media":0,"parent":0,"menu_order":0,"comment_status":"closed","ping_status":"closed","template":"elementor_header_footer","meta":{"footnotes":""},"class_list":["post-1082","page","type-page","status-publish","hentry"],"yoast_head":"<!-- This site is optimized with the Yoast SEO plugin v25.3.1 - https:\/\/yoast.com\/wordpress\/plugins\/seo\/ -->\n<title>Mentions l\u00e9gales - Union Jumelages<\/title>\n<meta name=\"robots\" content=\"index, follow, max-snippet:-1, max-image-preview:large, max-video-preview:-1\" \/>\n<link rel=\"canonical\" href=\"https:\/\/www.unionjumelages.com\/index.php\/mentions-legales\/\" \/>\n<meta property=\"og:locale\" content=\"en_US\" \/>\n<meta property=\"og:type\" content=\"article\" \/>\n<meta property=\"og:title\" content=\"Mentions l\u00e9gales - Union Jumelages\" \/>\n<meta property=\"og:description\" content=\"Mentions l\u00e9gales L\u2019ensemble des informations figurant sur ce site n\u2019ont aucun caract\u00e8re contractuel et ne sauraient engager la responsabilit\u00e9 de l\u2019UNJPT. Nous sommes libres de cr\u00e9er, modifier et supprimer tout contenu de ce site. L\u2019utilisation des informations contenues sur le pr\u00e9sent site rel\u00e8ve de la seule responsabilit\u00e9 de son utilisateur. Toutes les ressources et fichiers [&hellip;]\" \/>\n<meta property=\"og:url\" content=\"https:\/\/www.unionjumelages.com\/index.php\/mentions-legales\/\" \/>\n<meta property=\"og:site_name\" content=\"Union Jumelages\" \/>\n<meta property=\"article:modified_time\" content=\"2021-03-23T11:40:26+00:00\" \/>\n<meta name=\"twitter:card\" content=\"summary_large_image\" \/>\n<meta name=\"twitter:label1\" content=\"Est. reading time\" \/>\n\t<meta name=\"twitter:data1\" content=\"2 minutes\" \/>\n<script type=\"application\/ld+json\" class=\"yoast-schema-graph\">{\"@context\":\"https:\/\/schema.org\",\"@graph\":[{\"@type\":\"WebPage\",\"@id\":\"https:\/\/www.unionjumelages.com\/index.php\/mentions-legales\/\",\"url\":\"https:\/\/www.unionjumelages.com\/index.php\/mentions-legales\/\",\"name\":\"Mentions l\u00e9gales - Union Jumelages\",\"isPartOf\":{\"@id\":\"https:\/\/www.unionjumelages.com\/#website\"},\"datePublished\":\"2021-03-19T13:28:12+00:00\",\"dateModified\":\"2021-03-23T11:40:26+00:00\",\"breadcrumb\":{\"@id\":\"https:\/\/www.unionjumelages.com\/index.php\/mentions-legales\/#breadcrumb\"},\"inLanguage\":\"en-US\",\"potentialAction\":[{\"@type\":\"ReadAction\",\"target\":[\"https:\/\/www.unionjumelages.com\/index.php\/mentions-legales\/\"]}]},{\"@type\":\"BreadcrumbList\",\"@id\":\"https:\/\/www.unionjumelages.com\/index.php\/mentions-legales\/#breadcrumb\",\"itemListElement\":[{\"@type\":\"ListItem\",\"position\":1,\"name\":\"Accueil\",\"item\":\"https:\/\/www.unionjumelages.com\/\"},{\"@type\":\"ListItem\",\"position\":2,\"name\":\"Mentions l\u00e9gales\"}]},{\"@type\":\"WebSite\",\"@id\":\"https:\/\/www.unionjumelages.com\/#website\",\"url\":\"https:\/\/www.unionjumelages.com\/\",\"name\":\"Union Jumelages\",\"description\":\"Un site utilisant WordPress\",\"publisher\":{\"@id\":\"https:\/\/www.unionjumelages.com\/#organization\"},\"potentialAction\":[{\"@type\":\"SearchAction\",\"target\":{\"@type\":\"EntryPoint\",\"urlTemplate\":\"https:\/\/www.unionjumelages.com\/?s={search_term_string}\"},\"query-input\":{\"@type\":\"PropertyValueSpecification\",\"valueRequired\":true,\"valueName\":\"search_term_string\"}}],\"inLanguage\":\"en-US\"},{\"@type\":\"Organization\",\"@id\":\"https:\/\/www.unionjumelages.com\/#organization\",\"name\":\"Union Jumelages\",\"url\":\"https:\/\/www.unionjumelages.com\/\",\"logo\":{\"@type\":\"ImageObject\",\"inLanguage\":\"en-US\",\"@id\":\"https:\/\/www.unionjumelages.com\/#\/schema\/logo\/image\/\",\"url\":\"https:\/\/www.unionjumelages.com\/wp-content\/uploads\/2021\/03\/cropped-union-jumelages.jpg\",\"contentUrl\":\"https:\/\/www.unionjumelages.com\/wp-content\/uploads\/2021\/03\/cropped-union-jumelages.jpg\",\"width\":113,\"height\":95,\"caption\":\"Union Jumelages\"},\"image\":{\"@id\":\"https:\/\/www.unionjumelages.com\/#\/schema\/logo\/image\/\"}}]}<\/script>\n<!-- \/ Yoast SEO plugin. -->","yoast_head_json":{"title":"Mentions l\u00e9gales - Union Jumelages","robots":{"index":"index","follow":"follow","max-snippet":"max-snippet:-1","max-image-preview":"max-image-preview:large","max-video-preview":"max-video-preview:-1"},"canonical":"https:\/\/www.unionjumelages.com\/index.php\/mentions-legales\/","og_locale":"en_US","og_type":"article","og_title":"Mentions l\u00e9gales - Union Jumelages","og_description":"Mentions l\u00e9gales L\u2019ensemble des informations figurant sur ce site n\u2019ont aucun caract\u00e8re contractuel et ne sauraient engager la responsabilit\u00e9 de l\u2019UNJPT. Nous sommes libres de cr\u00e9er, modifier et supprimer tout contenu de ce site. L\u2019utilisation des informations contenues sur le pr\u00e9sent site rel\u00e8ve de la seule responsabilit\u00e9 de son utilisateur. Toutes les ressources et fichiers [&hellip;]","og_url":"https:\/\/www.unionjumelages.com\/index.php\/mentions-legales\/","og_site_name":"Union Jumelages","article_modified_time":"2021-03-23T11:40:26+00:00","twitter_card":"summary_large_image","twitter_misc":{"Est. reading time":"2 minutes"},"schema":{"@context":"https:\/\/schema.org","@graph":[{"@type":"WebPage","@id":"https:\/\/www.unionjumelages.com\/index.php\/mentions-legales\/","url":"https:\/\/www.unionjumelages.com\/index.php\/mentions-legales\/","name":"Mentions l\u00e9gales - Union Jumelages","isPartOf":{"@id":"https:\/\/www.unionjumelages.com\/#website"},"datePublished":"2021-03-19T13:28:12+00:00","dateModified":"2021-03-23T11:40:26+00:00","breadcrumb":{"@id":"https:\/\/www.unionjumelages.com\/index.php\/mentions-legales\/#breadcrumb"},"inLanguage":"en-US","potentialAction":[{"@type":"ReadAction","target":["https:\/\/www.unionjumelages.com\/index.php\/mentions-legales\/"]}]},{"@type":"BreadcrumbList","@id":"https:\/\/www.unionjumelages.com\/index.php\/mentions-legales\/#breadcrumb","itemListElement":[{"@type":"ListItem","position":1,"name":"Accueil","item":"https:\/\/www.unionjumelages.com\/"},{"@type":"ListItem","position":2,"name":"Mentions l\u00e9gales"}]},{"@type":"WebSite","@id":"https:\/\/www.unionjumelages.com\/#website","url":"https:\/\/www.unionjumelages.com\/","name":"Union Jumelages","description":"Un site utilisant WordPress","publisher":{"@id":"https:\/\/www.unionjumelages.com\/#organization"},"potentialAction":[{"@type":"SearchAction","target":{"@type":"EntryPoint","urlTemplate":"https:\/\/www.unionjumelages.com\/?s={search_term_string}"},"query-input":{"@type":"PropertyValueSpecification","valueRequired":true,"valueName":"search_term_string"}}],"inLanguage":"en-US"},{"@type":"Organization","@id":"https:\/\/www.unionjumelages.com\/#organization","name":"Union Jumelages","url":"https:\/\/www.unionjumelages.com\/","logo":{"@type":"ImageObject","inLanguage":"en-US","@id":"https:\/\/www.unionjumelages.com\/#\/schema\/logo\/image\/","url":"https:\/\/www.unionjumelages.com\/wp-content\/uploads\/2021\/03\/cropped-union-jumelages.jpg","contentUrl":"https:\/\/www.unionjumelages.com\/wp-content\/uploads\/2021\/03\/cropped-union-jumelages.jpg","width":113,"height":95,"caption":"Union Jumelages"},"image":{"@id":"https:\/\/www.unionjumelages.com\/#\/schema\/logo\/image\/"}}]}},"_links":{"self":[{"href":"https:\/\/www.unionjumelages.com\/index.php\/wp-json\/wp\/v2\/pages\/1082"}],"collection":[{"href":"https:\/\/www.unionjumelages.com\/index.php\/wp-json\/wp\/v2\/pages"}],"about":[{"href":"https:\/\/www.unionjumelages.com\/index.php\/wp-json\/wp\/v2\/types\/page"}],"author":[{"embeddable":true,"href":"https:\/\/www.unionjumelages.com\/index.php\/wp-json\/wp\/v2\/users\/1"}],"replies":[{"embeddable":true,"href":"https:\/\/www.unionjumelages.com\/index.php\/wp-json\/wp\/v2\/comments?post=1082"}],"version-history":[{"count":16,"href":"https:\/\/www.unionjumelages.com\/index.php\/wp-json\/wp\/v2\/pages\/1082\/revisions"}],"predecessor-version":[{"id":1256,"href":"https:\/\/www.unionjumelages.com\/index.php\/wp-json\/wp\/v2\/pages\/1082\/revisions\/1256"}],"wp:attachment":[{"href":"https:\/\/www.unionjumelages.com\/index.php\/wp-json\/wp\/v2\/media?parent=1082"}],"curies":[{"name":"wp","href":"https:\/\/api.w.org\/{rel}","templated":true}]}}